{"id":8,"date":"2018-06-30T10:21:33","date_gmt":"2018-06-30T08:21:33","guid":{"rendered":"https:\/\/rodmaps.com\/?page_id=8"},"modified":"2025-05-12T13:00:10","modified_gmt":"2025-05-12T11:00:10","slug":"about-rodmaps","status":"publish","type":"page","link":"https:\/\/rodmaps.com\/en\/about-rodmaps\/","title":{"rendered":"About Rodmaps"},"content":{"rendered":"<div class=\"column-wrapper cf\">\n<div class=\"column-content pr cf pr-0 pr-320 pr-365\">\n<div>\n<div id=\"wnd_ImageBlock_500518\" class=\"image image-default block design-01 wnd-orientation-landscape wnd-type-image\">\n<h2>Rodmaps, the first booking platform for tourist offers dedicated to fishing, throughout France<\/h2>\n<figure><img loading=\"lazy\" decoding=\"async\" class=\"size-full wp-image-98 alignleft\" src=\"https:\/\/rodmaps.com\/wp-content\/uploads\/2018\/07\/Re\u0301servation-Rodmaps.jpg\" alt=\"Reservation-Rodmaps\" width=\"450\" height=\"260\" srcset=\"https:\/\/rodmaps.com\/wp-content\/uploads\/2018\/07\/Re\u0301servation-Rodmaps.jpg 450w, https:\/\/rodmaps.com\/wp-content\/uploads\/2018\/07\/Re\u0301servation-Rodmaps-300x173.jpg 300w\" sizes=\"auto, (max-width: 450px) 100vw, 450px\" \/><\/figure><div class=\"image-content cf\"><\/div>\n<div class=\"image-title\">Rodmaps is a platform that puts the main players in fishing tourism in touch with anyone interested in this type of experience.<\/div>\n<\/div>\n<\/div>\n<\/div>\n<div class=\"column-content pr cf pr-0 pr-320 pr-365 pr-480\">\n<div class=\"text cf design-01\">\n<div class=\"text-content\">\n<p id=\"wnd_TextBlock_816168_inner_1\" data-wnd_is_separable=\"1\" data-wnd_separable_index=\"1\" data-wnd_separable_id=\"wnd_TextBlock_816168\">Enthusiasts, occasional fishermen and amateurs will finally have the possibility of easily finding fishing spots, accommodation and accompanying professionals, according to their levels, availability, desired fishing practices and financial means, and this everywhere in mainland France.<\/p>\n<\/div>\n<\/div>\n<\/div>\n<\/div>\n\n\n\n<div class=\"hr-line block design-01\"><hr><\/div>\n\n\n\n<div class=\"column-wrapper cf\">\n<div class=\"column-content pr cf pr-0 pr-320 pr-365 pr-480 pr-600\">\n<div class=\"text cf design-01\">\n<div class=\"text-content\">\n<h2><b>Rodmaps is above all the story of Nicolas and Matthieu, two friends passionate about fishing.<\/b><\/h2>\n<\/div>\n<\/div>\n<\/div>\n<div class=\"column-content pr cf pr-0 pr-320 pr-365\">\n<div id=\"wnd_ImageBlock_68764\" class=\"image image-default block design-01 wnd-orientation-square wnd-type-image\">\n<figure><img loading=\"lazy\" decoding=\"async\" class=\"size-full wp-image-99 alignright\" src=\"https:\/\/rodmaps.com\/wp-content\/uploads\/2018\/07\/Equipe-Rodmaps.jpg\" alt=\"Team-Rodmaps\" width=\"450\" height=\"450\" srcset=\"https:\/\/rodmaps.com\/wp-content\/uploads\/2018\/07\/Equipe-Rodmaps.jpg 450w, https:\/\/rodmaps.com\/wp-content\/uploads\/2018\/07\/Equipe-Rodmaps-150x150.jpg 150w, https:\/\/rodmaps.com\/wp-content\/uploads\/2018\/07\/Equipe-Rodmaps-300x300.jpg 300w\" sizes=\"auto, (max-width: 450px) 100vw, 450px\" \/><\/figure><div class=\"image-content cf\"><\/div>\n<div class=\"image-title\">Since our childhood, our passion has led us to travel through France and to go around the world in search of adventure and trophy fish. The idea for this project came from a simple observation: the impossibility for a fisherman, novice or expert, to find exhaustive and immediate information on tourist offers dedicated to fishing in France. The lack of referral sites, transparency to compare offers and the lack of customer reviews made the mission almost impossible. On the other hand, we have noticed that the thousands of players who revolve around this activity that represents fishing tourism are struggling today to emerge on the internet and communicate their offers, often for lack of time and medium, technical or financial.<\/div>\n<\/div>\n<\/div>\n<\/div>\n\n\n\n<div class=\"text cf design-01\">\n<div class=\"text-content\">\n<div class=\"hr-line block design-01\"><hr><\/div>\n<div class=\"column-wrapper cf\">\n<div class=\"column-content pr cf pr-0 pr-320 pr-365 pr-480 pr-600\">\n<div class=\"text cf design-01\">\n<div class=\"text-content\">\n<h2><b>Our objective, to promote the fishing world in France<\/b><\/h2>\n<p>For us, the&nbsp;<strong>peach<\/strong>&nbsp;is a great way to<strong>evasion<\/strong>&nbsp;and of&nbsp;<strong>discovery<\/strong>&nbsp;of our&nbsp;<strong>Cultural Heritage<\/strong>,&nbsp;<strong>natural<\/strong>&nbsp;and&nbsp;<strong>halieutic<\/strong>. Fishing isn't just an individual pleasure, it's a way of life.&nbsp;<strong>a passion<\/strong>,&nbsp;<strong>a hobby<\/strong>,&nbsp;<strong>a sport<\/strong>&nbsp;which must be shared. For us, sharing is THE fundamental value that makes an angler great. It's also the essential reason why we wanted to create Rodmaps.<\/p>\n<p>Through Rodmaps and our <a href=\"https:\/\/rodmaps.com\/en\/\">blog<\/a> , we wish&nbsp;<strong>promote the world of fishing<\/strong>&nbsp;to as many people as possible and, through our partners, to pass on the values we hold dear, such as the protection of fish stocks, respect for flora and fauna and respect for all natural resources.<\/p>\n<\/div>\n<\/div>\n<\/div>\n<\/div>\n<\/div>\n<\/div>","protected":false},"excerpt":{"rendered":"<p>Rodmaps, la premi\u00e8re plateforme de r\u00e9servation d&rsquo;offres touristiques d\u00e9di\u00e9es \u00e0 la p\u00eache, partout en France Rodmaps est une plateforme permettant [&hellip;]<\/p>","protected":false},"author":1,"featured_media":0,"parent":0,"menu_order":0,"comment_status":"closed","ping_status":"closed","template":"","meta":{"_uag_custom_page_level_css":"","site-sidebar-layout":"default","site-content-layout":"","ast-site-content-layout":"","site-content-style":"default","site-sidebar-style":"default","ast-global-header-display":"","ast-banner-title-visibility":"","ast-main-header-display":"","ast-hfb-above-header-display":"","ast-hfb-below-header-display":"","ast-hfb-mobile-header-display":"","site-post-title":"","ast-breadcrumbs-content":"","ast-featured-img":"","footer-sml-layout":"","theme-transparent-header-meta":"","adv-header-id-meta":"","stick-header-meta":"","header-above-stick-meta":"","header-main-stick-meta":"","header-below-stick-meta":"","astra-migrate-meta-layouts":"default","ast-page-background-enabled":"default","ast-page-background-meta":{"desktop":{"background-color":"var(--ast-global-color-4)","background-image":"","background-repeat":"repeat","background-position":"center center","background-size":"auto","background-attachment":"scroll","background-type":"","background-media":"","overlay-type":"","overlay-color":"","overlay-opacity":"","overlay-gradient":""},"tablet":{"background-color":"","background-image":"","background-repeat":"repeat","background-position":"center center","background-size":"auto","background-attachment":"scroll","background-type":"","background-media":"","overlay-type":"","overlay-color":"","overlay-opacity":"","overlay-gradient":""},"mobile":{"background-color":"","background-image":"","background-repeat":"repeat","background-position":"center center","background-size":"auto","background-attachment":"scroll","background-type":"","background-media":"","overlay-type":"","overlay-color":"","overlay-opacity":"","overlay-gradient":""}},"ast-content-background-meta":{"desktop":{"background-color":"var(--ast-global-color-5)","background-image":"","background-repeat":"repeat","background-position":"center center","background-size":"auto","background-attachment":"scroll","background-type":"","background-media":"","overlay-type":"","overlay-color":"","overlay-opacity":"","overlay-gradient":""},"tablet":{"background-color":"var(--ast-global-color-5)","background-image":"","background-repeat":"repeat","background-position":"center center","background-size":"auto","background-attachment":"scroll","background-type":"","background-media":"","overlay-type":"","overlay-color":"","overlay-opacity":"","overlay-gradient":""},"mobile":{"background-color":"var(--ast-global-color-5)","background-image":"","background-repeat":"repeat","background-position":"center center","background-size":"auto","background-attachment":"scroll","background-type":"","background-media":"","overlay-type":"","overlay-color":"","overlay-opacity":"","overlay-gradient":""}},"footnotes":""},"class_list":["post-8","page","type-page","status-publish","hentry"],"yoast_head":"<!-- This site is optimized with the Yoast SEO plugin v26.3 - https:\/\/yoast.com\/wordpress\/plugins\/seo\/ -->\n<title>\u00c0 propos de Rodmaps - D\u00e9couvrez notre concept et notre histoire<\/title>\n<meta name=\"description\" content=\"Rodmaps est une plateforme permettant de mettre en relation guide de p\u00eache et h\u00e9bergement de p\u00eache\u00a0avec toute personne int\u00e9ress\u00e9e par ce sport en France.\" \/>\n<meta name=\"robots\" content=\"index, follow, max-snippet:-1, max-image-preview:large, max-video-preview:-1\" \/>\n<link rel=\"canonical\" href=\"https:\/\/rodmaps.com\/en\/about-rodmaps\/\" \/>\n<meta property=\"og:locale\" content=\"en_GB\" \/>\n<meta property=\"og:type\" content=\"article\" \/>\n<meta property=\"og:title\" content=\"\u00c0 propos de Rodmaps - D\u00e9couvrez notre concept et notre histoire\" \/>\n<meta property=\"og:description\" content=\"Rodmaps est une plateforme permettant de mettre en relation guide de p\u00eache et h\u00e9bergement de p\u00eache\u00a0avec toute personne int\u00e9ress\u00e9e par ce sport en France.\" \/>\n<meta property=\"og:url\" content=\"https:\/\/rodmaps.com\/en\/about-rodmaps\/\" \/>\n<meta property=\"og:site_name\" content=\"Rodmaps\" \/>\n<meta property=\"article:modified_time\" content=\"2025-05-12T11:00:10+00:00\" \/>\n<meta property=\"og:image\" content=\"https:\/\/rodmaps.com\/wp-content\/uploads\/2018\/07\/Equipe-Rodmaps.jpg\" \/>\n<meta name=\"twitter:card\" content=\"summary_large_image\" \/>\n<meta name=\"twitter:label1\" content=\"Estimated reading time\" \/>\n\t<meta name=\"twitter:data1\" content=\"3 minutes\" \/>\n<!-- \/ Yoast SEO plugin. -->","yoast_head_json":{"title":"About Rodmaps - Discover our concept and our history","description":"Rodmaps is a platform that puts fishing guides and fishing accommodation in touch with anyone interested in this sport in France.","robots":{"index":"index","follow":"follow","max-snippet":"max-snippet:-1","max-image-preview":"max-image-preview:large","max-video-preview":"max-video-preview:-1"},"canonical":"https:\/\/rodmaps.com\/en\/about-rodmaps\/","og_locale":"en_GB","og_type":"article","og_title":"\u00c0 propos de Rodmaps - D\u00e9couvrez notre concept et notre histoire","og_description":"Rodmaps est une plateforme permettant de mettre en relation guide de p\u00eache et h\u00e9bergement de p\u00eache\u00a0avec toute personne int\u00e9ress\u00e9e par ce sport en France.","og_url":"https:\/\/rodmaps.com\/en\/about-rodmaps\/","og_site_name":"Rodmaps","article_modified_time":"2025-05-12T11:00:10+00:00","og_image":[{"url":"https:\/\/rodmaps.com\/wp-content\/uploads\/2018\/07\/Equipe-Rodmaps.jpg","type":"","width":"","height":""}],"twitter_card":"summary_large_image","twitter_misc":{"Estimated reading time":"3 minutes"},"schema":{"@context":"https:\/\/schema.org","@graph":[{"@type":"WebPage","@id":"https:\/\/rodmaps.com\/a-propos-de-rodmaps\/","url":"https:\/\/rodmaps.com\/a-propos-de-rodmaps\/","name":"About Rodmaps - Discover our concept and our history","isPartOf":{"@id":"https:\/\/rodmaps.com\/#website"},"primaryImageOfPage":{"@id":"https:\/\/rodmaps.com\/a-propos-de-rodmaps\/#primaryimage"},"image":{"@id":"https:\/\/rodmaps.com\/a-propos-de-rodmaps\/#primaryimage"},"thumbnailUrl":"https:\/\/rodmaps.com\/wp-content\/uploads\/2018\/07\/Equipe-Rodmaps.jpg","datePublished":"2018-06-30T08:21:33+00:00","dateModified":"2025-05-12T11:00:10+00:00","description":"Rodmaps is a platform that puts fishing guides and fishing accommodation in touch with anyone interested in this sport in France.","breadcrumb":{"@id":"https:\/\/rodmaps.com\/a-propos-de-rodmaps\/#breadcrumb"},"inLanguage":"en-GB","potentialAction":[{"@type":"ReadAction","target":["https:\/\/rodmaps.com\/a-propos-de-rodmaps\/"]}]},{"@type":"ImageObject","inLanguage":"en-GB","@id":"https:\/\/rodmaps.com\/a-propos-de-rodmaps\/#primaryimage","url":"https:\/\/rodmaps.com\/wp-content\/uploads\/2018\/07\/Equipe-Rodmaps.jpg","contentUrl":"https:\/\/rodmaps.com\/wp-content\/uploads\/2018\/07\/Equipe-Rodmaps.jpg"},{"@type":"BreadcrumbList","@id":"https:\/\/rodmaps.com\/a-propos-de-rodmaps\/#breadcrumb","itemListElement":[{"@type":"ListItem","position":1,"name":"Accueil","item":"https:\/\/rodmaps.com\/"},{"@type":"ListItem","position":2,"name":"\u00c0 propos de Rodmaps"}]},{"@type":"WebSite","@id":"https:\/\/rodmaps.com\/#website","url":"https:\/\/rodmaps.com\/","name":"Rodmaps","description":"Discover all the latest lure fishing news: fishing gear, techniques, fishing knots, advice and regulations.","publisher":{"@id":"https:\/\/rodmaps.com\/#organization"},"potentialAction":[{"@type":"SearchAction","target":{"@type":"EntryPoint","urlTemplate":"https:\/\/rodmaps.com\/?s={search_term_string}"},"query-input":{"@type":"PropertyValueSpecification","valueRequired":true,"valueName":"search_term_string"}}],"inLanguage":"en-GB"},{"@type":"Organization","@id":"https:\/\/rodmaps.com\/#organization","name":"Rodmaps","url":"https:\/\/rodmaps.com\/","logo":{"@type":"ImageObject","inLanguage":"en-GB","@id":"https:\/\/rodmaps.com\/#\/schema\/logo\/image\/","url":"https:\/\/rodmaps.com\/wp-content\/uploads\/2018\/07\/cropped-cropped-logo-rm-big-e1531314491932-3.png","contentUrl":"https:\/\/rodmaps.com\/wp-content\/uploads\/2018\/07\/cropped-cropped-logo-rm-big-e1531314491932-3.png","width":200,"height":79,"caption":"Rodmaps"},"image":{"@id":"https:\/\/rodmaps.com\/#\/schema\/logo\/image\/"}}]}},"spectra_custom_meta":{"_customize_changeset_uuid":["e20bd49e-8a3f-4747-a666-0c62a39d3b28"],"ampforwp-amp-on-off":["default"],"_edit_lock":["1747047734:2"],"_edit_last":["2"],"_yoast_wpseo_content_score":["90"],"ampforwp_custom_content_editor":[""],"ampforwp_custom_content_editor_checkbox":[""],"_yoast_wpseo_focuskw_text_input":["Rodmaps"],"_yoast_wpseo_focuskw":["Rodmaps"],"_yoast_wpseo_title":["%%title%% %%page%% %%sep%% D\u00e9couvrez notre concept et notre histoire"],"_yoast_wpseo_metadesc":["Rodmaps est une plateforme permettant de mettre en relation guide de p\u00eache et h\u00e9bergement de p\u00eache\u00a0avec toute personne int\u00e9ress\u00e9e par ce sport en France."],"_yoast_wpseo_linkdex":["76"],"_jetpack_related_posts_cache":["a:1:{s:32:\"bfc62710165ed7b51223b165689d40a3\";a:2:{s:7:\"expires\";i:1727779801;s:7:\"payload\";a:1:{i:0;a:1:{s:2:\"id\";i:9;}}}}"],"_yoast_wpseo_estimated-reading-time-minutes":["3"],"_uag_page_assets":["a:9:{s:3:\"css\";s:2491:\".uag-blocks-common-selector{z-index:var(--z-index-desktop) !important}@media (max-width: 976px){.uag-blocks-common-selector{z-index:var(--z-index-tablet) !important}}@media (max-width: 767px){.uag-blocks-common-selector{z-index:var(--z-index-mobile) !important}}\n.wp-block-uagb-advanced-heading h1,.wp-block-uagb-advanced-heading h2,.wp-block-uagb-advanced-heading h3,.wp-block-uagb-advanced-heading h4,.wp-block-uagb-advanced-heading h5,.wp-block-uagb-advanced-heading h6,.wp-block-uagb-advanced-heading p,.wp-block-uagb-advanced-heading div{word-break:break-word}.wp-block-uagb-advanced-heading .uagb-heading-text{margin:0}.wp-block-uagb-advanced-heading .uagb-desc-text{margin:0}.wp-block-uagb-advanced-heading .uagb-separator{font-size:0;border-top-style:solid;display:inline-block;margin:0 0 10px 0}.wp-block-uagb-advanced-heading .uagb-highlight{color:#f78a0c;border:0;transition:all 0.3s ease}.uag-highlight-toolbar{border-left:0;border-top:0;border-bottom:0;border-radius:0;border-right-color:#1e1e1e}.uag-highlight-toolbar .components-button{border-radius:0;outline:none}.uag-highlight-toolbar .components-button.is-primary{color:#fff}\n.wp-block-uagb-advanced-heading.uagb-block-e53cacd5.wp-block-uagb-advanced-heading .uagb-desc-text{margin-bottom: 15px;}.wp-block-uagb-advanced-heading.uagb-block-e53cacd5.wp-block-uagb-advanced-heading .uagb-highlight{font-style: normal;font-weight: Default;background: #007cba;color: #fff;-webkit-text-fill-color: #fff;}.wp-block-uagb-advanced-heading.uagb-block-e53cacd5.wp-block-uagb-advanced-heading .uagb-highlight::-moz-selection{color: #fff;background: #007cba;-webkit-text-fill-color: #fff;}.wp-block-uagb-advanced-heading.uagb-block-e53cacd5.wp-block-uagb-advanced-heading .uagb-highlight::selection{color: #fff;background: #007cba;-webkit-text-fill-color: #fff;}.wp-block-uagb-advanced-heading.uagb-block-b0e5da39.wp-block-uagb-advanced-heading .uagb-desc-text{margin-bottom: 15px;}.wp-block-uagb-advanced-heading.uagb-block-b0e5da39.wp-block-uagb-advanced-heading .uagb-highlight{font-style: normal;font-weight: Default;background: #007cba;color: #fff;-webkit-text-fill-color: #fff;}.wp-block-uagb-advanced-heading.uagb-block-b0e5da39.wp-block-uagb-advanced-heading .uagb-highlight::-moz-selection{color: #fff;background: #007cba;-webkit-text-fill-color: #fff;}.wp-block-uagb-advanced-heading.uagb-block-b0e5da39.wp-block-uagb-advanced-heading .uagb-highlight::selection{color: #fff;background: #007cba;-webkit-text-fill-color: #fff;}\";s:2:\"js\";s:0:\"\";s:18:\"current_block_list\";a:14:{i:0;s:9:\"core\/html\";i:1;s:13:\"surecart\/cart\";i:2;s:20:\"surecart\/cart-header\";i:3;s:19:\"surecart\/cart-items\";i:4;s:20:\"surecart\/cart-coupon\";i:5;s:22:\"surecart\/cart-subtotal\";i:6;s:28:\"surecart\/cart-bump-line-item\";i:7;s:20:\"surecart\/cart-submit\";i:8;s:11:\"core\/search\";i:9;s:18:\"sbi\/sbi-feed-block\";i:10;s:17:\"core\/latest-posts\";i:11;s:21:\"uagb\/advanced-heading\";i:12;s:14:\"core\/paragraph\";i:13;s:30:\"wordpress-popular-posts\/widget\";}s:8:\"uag_flag\";b:1;s:11:\"uag_version\";s:10:\"1776043687\";s:6:\"gfonts\";a:0:{}s:10:\"gfonts_url\";s:0:\"\";s:12:\"gfonts_files\";a:0:{}s:14:\"uag_faq_layout\";b:0;}"]},"uagb_featured_image_src":{"full":false,"thumbnail":false,"medium":false,"medium_large":false,"large":false,"1536x1536":false,"2048x2048":false,"trp-custom-language-flag":false},"uagb_author_info":{"display_name":"Rodmaps","author_link":"https:\/\/rodmaps.com\/en\/author\/rodmaps\/"},"uagb_comment_info":0,"uagb_excerpt":"Rodmaps, la premi\u00e8re plateforme de r\u00e9servation d&rsquo;offres touristiques d\u00e9di\u00e9es \u00e0 la p\u00eache, partout en France Rodmaps est une plateforme permettant [&hellip;]","_links":{"self":[{"href":"https:\/\/rodmaps.com\/en\/wp-json\/wp\/v2\/pages\/8","targetHints":{"allow":["GET"]}}],"collection":[{"href":"https:\/\/rodmaps.com\/en\/wp-json\/wp\/v2\/pages"}],"about":[{"href":"https:\/\/rodmaps.com\/en\/wp-json\/wp\/v2\/types\/page"}],"author":[{"embeddable":true,"href":"https:\/\/rodmaps.com\/en\/wp-json\/wp\/v2\/users\/1"}],"replies":[{"embeddable":true,"href":"https:\/\/rodmaps.com\/en\/wp-json\/wp\/v2\/comments?post=8"}],"version-history":[{"count":9,"href":"https:\/\/rodmaps.com\/en\/wp-json\/wp\/v2\/pages\/8\/revisions"}],"predecessor-version":[{"id":8549,"href":"https:\/\/rodmaps.com\/en\/wp-json\/wp\/v2\/pages\/8\/revisions\/8549"}],"wp:attachment":[{"href":"https:\/\/rodmaps.com\/en\/wp-json\/wp\/v2\/media?parent=8"}],"curies":[{"name":"wp","href":"https:\/\/api.w.org\/{rel}","templated":true}]}}