{"id":8409,"date":"2025-04-22T21:22:08","date_gmt":"2025-04-22T19:22:08","guid":{"rendered":"https:\/\/rodmaps.com\/?page_id=8409"},"modified":"2025-04-22T21:30:41","modified_gmt":"2025-04-22T19:30:41","slug":"legal-notice","status":"publish","type":"page","link":"https:\/\/rodmaps.com\/en\/legal-notice\/","title":{"rendered":"Legal information"},"content":{"rendered":"<h3 class=\"wp-block-heading\"><strong><strong>\u00c9<\/strong>site editor<\/strong><\/h3>\n\n\n\n<p>RODMAPS<br>SAS with capital of 5,000 euros<br>RCS TOULOUSE 834 740 144<\/p>\n\n\n\n<p>18, rue Dieudonn\u00e9 Costes&nbsp;<br>31500 TOULOUSE<br>France<\/p>\n\n\n\n<p>E-mail: matthieu@rodmaps.com \/ nicolas@rodmaps.com<br>URL: www.rodmaps.com<\/p>\n\n\n\n<h3 class=\"wp-block-heading\"><strong>H<strong>site host<\/strong><\/strong><\/h3>\n\n\n\n<p>The site is hosted by Hostinger International Ltd, a company specialising in web hosting.<br>61 Lordou Vironos Street<br>6023 Larnaca, Cyprus<\/p>\n\n\n\n<p>Website :&nbsp;<a href=\"http:\/\/www.hostinger.fr\/\" target=\"_blank\" rel=\"noreferrer noopener\">www.hostinger.fr<\/a><\/p>\n\n\n\n<p>Hostinger implements industry-standard security measures to protect servers and data, including :<\/p>\n\n\n\n<ul class=\"wp-block-list\">\n<li>ISO\/IEC 27001:2017 certification<\/li>\n\n\n\n<li>24\/7 server monitoring<\/li>\n\n\n\n<li>Firewall protection<\/li>\n\n\n\n<li>Database encryption<\/li>\n\n\n\n<li>Regular data back-ups<\/li>\n<\/ul>\n\n\n\n<h3 class=\"wp-block-heading\"><strong>Person responsible for the publication<\/strong><\/h3>\n\n\n\n<p>Matthieu SANOGHO<\/p>\n\n\n\n<h3 class=\"wp-block-heading\"><strong>Data Protection Act<\/strong><\/h3>\n\n\n\n<p>In accordance with the French Data Protection Act of 6 January 1978, you have the right to object to, access and rectify any data concerning you, pursuant to Act no. 78-17 of 6 January 1978 on Data Processing, Data Files and Individual Liberties, as amended by Act no. 2004-801 of 6 August 2004. This data may be communicated to third parties and you may or may not receive commercial offers. If you do not wish to receive such offers, simply write to the site editor indicating your surname, first name, address and e-mail address so that the necessary steps can be taken as soon as possible.<br>The site has been declared to the CNIL - dated 10 October 2017 - declaration receipt no. 2023805 v 0.<\/p>\n\n\n\n<h3 class=\"wp-block-heading\"><strong>Copyright<\/strong><\/h3>\n\n\n\n<p>The data, including its content, downloadable documents, iconographic and photographic representations and trademarks on this site are protected by intellectual property rights. Any reproduction or representation, even partial, of the aforementioned elements, for purposes other than private use, on any medium whatsoever, is prohibited and may incur the civil and criminal liability of the person who breaches this prohibition.<\/p>\n\n\n\n<h3 class=\"wp-block-heading\"><strong>Cookies<\/strong><\/h3>\n\n\n\n<p>This site may store \"cookies\" on your computer. These are pieces of information about your visit and your computer equipment, which can be consulted by the site if you return to visit it at a later date. This information is recorded solely for the purpose of compiling visitor statistics and does not give rise to any processing of personal data. You can refuse the recording of such information by going to the options (or preferences) of your Internet browser and deactivating cookies.<\/p>\n\n\n\n<h3 class=\"wp-block-heading\"><strong>Production and maintenance<\/strong><\/h3>\n\n\n\n<p>FAPROD<br>RCS Perpignan 499 631 505<\/p>\n\n\n\n<p>1 rue Fran\u00e7ois de la P\u00e9rouse, Tamaris housing estate<br>66250 St Laurent de la Salanque<br>France<\/p>\n\n\n\n<p>E-mail: contact@faprod.com<br>URL: http:\/\/www.faprod.com\/<\/p>","protected":false},"excerpt":{"rendered":"<p>\u00c9diteur du site RODMAPSSAS au capital de 5 000 eurosRCS de TOULOUSE 834 740 144 18, rue Dieudonn\u00e9 Costes&nbsp;31500 TOULOUSEFrance [&hellip;]<\/p>","protected":false},"author":2,"featured_media":8396,"parent":0,"menu_order":0,"comment_status":"closed","ping_status":"closed","template":"","meta":{"_uag_custom_page_level_css":"","site-sidebar-layout":"default","site-content-layout":"","ast-site-content-layout":"","site-content-style":"default","site-sidebar-style":"default","ast-global-header-display":"","ast-banner-title-visibility":"","ast-main-header-display":"","ast-hfb-above-header-display":"","ast-hfb-below-header-display":"","ast-hfb-mobile-header-display":"","site-post-title":"","ast-breadcrumbs-content":"","ast-featured-img":"","footer-sml-layout":"","theme-transparent-header-meta":"","adv-header-id-meta":"","stick-header-meta":"","header-above-stick-meta":"","header-main-stick-meta":"","header-below-stick-meta":"","astra-migrate-meta-layouts":"default","ast-page-background-enabled":"default","ast-page-background-meta":{"desktop":{"background-color":"var(--ast-global-color-4)","background-image":"","background-repeat":"repeat","background-position":"center center","background-size":"auto","background-attachment":"scroll","background-type":"","background-media":"","overlay-type":"","overlay-color":"","overlay-opacity":"","overlay-gradient":""},"tablet":{"background-color":"","background-image":"","background-repeat":"repeat","background-position":"center center","background-size":"auto","background-attachment":"scroll","background-type":"","background-media":"","overlay-type":"","overlay-color":"","overlay-opacity":"","overlay-gradient":""},"mobile":{"background-color":"","background-image":"","background-repeat":"repeat","background-position":"center center","background-size":"auto","background-attachment":"scroll","background-type":"","background-media":"","overlay-type":"","overlay-color":"","overlay-opacity":"","overlay-gradient":""}},"ast-content-background-meta":{"desktop":{"background-color":"var(--ast-global-color-5)","background-image":"","background-repeat":"repeat","background-position":"center center","background-size":"auto","background-attachment":"scroll","background-type":"","background-media":"","overlay-type":"","overlay-color":"","overlay-opacity":"","overlay-gradient":""},"tablet":{"background-color":"var(--ast-global-color-5)","background-image":"","background-repeat":"repeat","background-position":"center center","background-size":"auto","background-attachment":"scroll","background-type":"","background-media":"","overlay-type":"","overlay-color":"","overlay-opacity":"","overlay-gradient":""},"mobile":{"background-color":"var(--ast-global-color-5)","background-image":"","background-repeat":"repeat","background-position":"center center","background-size":"auto","background-attachment":"scroll","background-type":"","background-media":"","overlay-type":"","overlay-color":"","overlay-opacity":"","overlay-gradient":""}},"footnotes":""},"class_list":["post-8409","page","type-page","status-publish","has-post-thumbnail","hentry"],"yoast_head":"<!-- This site is optimized with the Yoast SEO plugin v26.3 - https:\/\/yoast.com\/wordpress\/plugins\/seo\/ -->\n<title>Mentions l\u00e9gales - Rodmaps<\/title>\n<meta name=\"robots\" content=\"index, follow, max-snippet:-1, max-image-preview:large, max-video-preview:-1\" \/>\n<link rel=\"canonical\" href=\"https:\/\/rodmaps.com\/en\/legal-notice\/\" \/>\n<meta property=\"og:locale\" content=\"en_GB\" \/>\n<meta property=\"og:type\" content=\"article\" \/>\n<meta property=\"og:title\" content=\"Mentions l\u00e9gales - Rodmaps\" \/>\n<meta property=\"og:description\" content=\"\u00c9diteur du site RODMAPSSAS au capital de 5 000 eurosRCS de TOULOUSE 834 740 144 18, rue Dieudonn\u00e9 Costes&nbsp;31500 TOULOUSEFrance [&hellip;]\" \/>\n<meta property=\"og:url\" content=\"https:\/\/rodmaps.com\/en\/legal-notice\/\" \/>\n<meta property=\"og:site_name\" content=\"Rodmaps\" \/>\n<meta property=\"article:modified_time\" content=\"2025-04-22T19:30:41+00:00\" \/>\n<meta property=\"og:image\" content=\"https:\/\/rodmaps.com\/wp-content\/uploads\/2025\/04\/Preparez-votre-saison-du-brochet-2025.jpeg\" \/>\n\t<meta property=\"og:image:width\" content=\"800\" \/>\n\t<meta property=\"og:image:height\" content=\"625\" \/>\n\t<meta property=\"og:image:type\" content=\"image\/jpeg\" \/>\n<meta name=\"twitter:card\" content=\"summary_large_image\" \/>\n<meta name=\"twitter:label1\" content=\"Estimated reading time\" \/>\n\t<meta name=\"twitter:data1\" content=\"3 minutes\" \/>\n<!-- \/ Yoast SEO plugin. -->","yoast_head_json":{"title":"Legal information - Rodmaps","robots":{"index":"index","follow":"follow","max-snippet":"max-snippet:-1","max-image-preview":"max-image-preview:large","max-video-preview":"max-video-preview:-1"},"canonical":"https:\/\/rodmaps.com\/en\/legal-notice\/","og_locale":"en_GB","og_type":"article","og_title":"Mentions l\u00e9gales - Rodmaps","og_description":"\u00c9diteur du site RODMAPSSAS au capital de 5 000 eurosRCS de TOULOUSE 834 740 144 18, rue Dieudonn\u00e9 Costes&nbsp;31500 TOULOUSEFrance [&hellip;]","og_url":"https:\/\/rodmaps.com\/en\/legal-notice\/","og_site_name":"Rodmaps","article_modified_time":"2025-04-22T19:30:41+00:00","og_image":[{"width":800,"height":625,"url":"https:\/\/rodmaps.com\/wp-content\/uploads\/2025\/04\/Preparez-votre-saison-du-brochet-2025.jpeg","type":"image\/jpeg"}],"twitter_card":"summary_large_image","twitter_misc":{"Estimated reading time":"3 minutes"},"schema":{"@context":"https:\/\/schema.org","@graph":[{"@type":"WebPage","@id":"https:\/\/rodmaps.com\/mentions-legales\/","url":"https:\/\/rodmaps.com\/mentions-legales\/","name":"Legal information - Rodmaps","isPartOf":{"@id":"https:\/\/rodmaps.com\/#website"},"primaryImageOfPage":{"@id":"https:\/\/rodmaps.com\/mentions-legales\/#primaryimage"},"image":{"@id":"https:\/\/rodmaps.com\/mentions-legales\/#primaryimage"},"thumbnailUrl":"https:\/\/rodmaps.com\/wp-content\/uploads\/2025\/04\/Preparez-votre-saison-du-brochet-2025.jpeg","datePublished":"2025-04-22T19:22:08+00:00","dateModified":"2025-04-22T19:30:41+00:00","breadcrumb":{"@id":"https:\/\/rodmaps.com\/mentions-legales\/#breadcrumb"},"inLanguage":"en-GB","potentialAction":[{"@type":"ReadAction","target":["https:\/\/rodmaps.com\/mentions-legales\/"]}]},{"@type":"ImageObject","inLanguage":"en-GB","@id":"https:\/\/rodmaps.com\/mentions-legales\/#primaryimage","url":"https:\/\/rodmaps.com\/wp-content\/uploads\/2025\/04\/Preparez-votre-saison-du-brochet-2025.jpeg","contentUrl":"https:\/\/rodmaps.com\/wp-content\/uploads\/2025\/04\/Preparez-votre-saison-du-brochet-2025.jpeg","width":800,"height":625,"caption":"Pr\u00e9parez votre saison du brochet 2025"},{"@type":"BreadcrumbList","@id":"https:\/\/rodmaps.com\/mentions-legales\/#breadcrumb","itemListElement":[{"@type":"ListItem","position":1,"name":"Accueil","item":"https:\/\/rodmaps.com\/"},{"@type":"ListItem","position":2,"name":"Mentions l\u00e9gales"}]},{"@type":"WebSite","@id":"https:\/\/rodmaps.com\/#website","url":"https:\/\/rodmaps.com\/","name":"Rodmaps","description":"Discover all the latest lure fishing news: fishing gear, techniques, fishing knots, advice and regulations.","publisher":{"@id":"https:\/\/rodmaps.com\/#organization"},"potentialAction":[{"@type":"SearchAction","target":{"@type":"EntryPoint","urlTemplate":"https:\/\/rodmaps.com\/?s={search_term_string}"},"query-input":{"@type":"PropertyValueSpecification","valueRequired":true,"valueName":"search_term_string"}}],"inLanguage":"en-GB"},{"@type":"Organization","@id":"https:\/\/rodmaps.com\/#organization","name":"Rodmaps","url":"https:\/\/rodmaps.com\/","logo":{"@type":"ImageObject","inLanguage":"en-GB","@id":"https:\/\/rodmaps.com\/#\/schema\/logo\/image\/","url":"https:\/\/rodmaps.com\/wp-content\/uploads\/2018\/07\/cropped-cropped-logo-rm-big-e1531314491932-3.png","contentUrl":"https:\/\/rodmaps.com\/wp-content\/uploads\/2018\/07\/cropped-cropped-logo-rm-big-e1531314491932-3.png","width":200,"height":79,"caption":"Rodmaps"},"image":{"@id":"https:\/\/rodmaps.com\/#\/schema\/logo\/image\/"}}]}},"spectra_custom_meta":{"_edit_lock":["1745350241:2"],"_edit_last":["2"],"ampforwp_custom_content_editor":[""],"ampforwp_custom_content_editor_checkbox":[""],"ampforwp-amp-on-off":["default"],"_yoast_wpseo_focuskw":["Mentions l\u00e9gales"],"_yoast_wpseo_linkdex":["60"],"_yoast_wpseo_content_score":["30"],"_yoast_wpseo_estimated-reading-time-minutes":["3"],"_thumbnail_id":["8396"],"_uag_page_assets":["a:9:{s:3:\"css\";s:2491:\".uag-blocks-common-selector{z-index:var(--z-index-desktop) !important}@media (max-width: 976px){.uag-blocks-common-selector{z-index:var(--z-index-tablet) !important}}@media (max-width: 767px){.uag-blocks-common-selector{z-index:var(--z-index-mobile) !important}}\n.wp-block-uagb-advanced-heading h1,.wp-block-uagb-advanced-heading h2,.wp-block-uagb-advanced-heading h3,.wp-block-uagb-advanced-heading h4,.wp-block-uagb-advanced-heading h5,.wp-block-uagb-advanced-heading h6,.wp-block-uagb-advanced-heading p,.wp-block-uagb-advanced-heading div{word-break:break-word}.wp-block-uagb-advanced-heading .uagb-heading-text{margin:0}.wp-block-uagb-advanced-heading .uagb-desc-text{margin:0}.wp-block-uagb-advanced-heading .uagb-separator{font-size:0;border-top-style:solid;display:inline-block;margin:0 0 10px 0}.wp-block-uagb-advanced-heading .uagb-highlight{color:#f78a0c;border:0;transition:all 0.3s ease}.uag-highlight-toolbar{border-left:0;border-top:0;border-bottom:0;border-radius:0;border-right-color:#1e1e1e}.uag-highlight-toolbar .components-button{border-radius:0;outline:none}.uag-highlight-toolbar .components-button.is-primary{color:#fff}\n.wp-block-uagb-advanced-heading.uagb-block-e53cacd5.wp-block-uagb-advanced-heading .uagb-desc-text{margin-bottom: 15px;}.wp-block-uagb-advanced-heading.uagb-block-e53cacd5.wp-block-uagb-advanced-heading .uagb-highlight{font-style: normal;font-weight: Default;background: #007cba;color: #fff;-webkit-text-fill-color: #fff;}.wp-block-uagb-advanced-heading.uagb-block-e53cacd5.wp-block-uagb-advanced-heading .uagb-highlight::-moz-selection{color: #fff;background: #007cba;-webkit-text-fill-color: #fff;}.wp-block-uagb-advanced-heading.uagb-block-e53cacd5.wp-block-uagb-advanced-heading .uagb-highlight::selection{color: #fff;background: #007cba;-webkit-text-fill-color: #fff;}.wp-block-uagb-advanced-heading.uagb-block-b0e5da39.wp-block-uagb-advanced-heading .uagb-desc-text{margin-bottom: 15px;}.wp-block-uagb-advanced-heading.uagb-block-b0e5da39.wp-block-uagb-advanced-heading .uagb-highlight{font-style: normal;font-weight: Default;background: #007cba;color: #fff;-webkit-text-fill-color: #fff;}.wp-block-uagb-advanced-heading.uagb-block-b0e5da39.wp-block-uagb-advanced-heading .uagb-highlight::-moz-selection{color: #fff;background: #007cba;-webkit-text-fill-color: #fff;}.wp-block-uagb-advanced-heading.uagb-block-b0e5da39.wp-block-uagb-advanced-heading .uagb-highlight::selection{color: #fff;background: #007cba;-webkit-text-fill-color: #fff;}\";s:2:\"js\";s:0:\"\";s:18:\"current_block_list\";a:16:{i:0;s:12:\"core\/heading\";i:1;s:14:\"core\/paragraph\";i:2;s:9:\"core\/list\";i:3;s:14:\"core\/list-item\";i:4;s:13:\"surecart\/cart\";i:5;s:20:\"surecart\/cart-header\";i:6;s:19:\"surecart\/cart-items\";i:7;s:20:\"surecart\/cart-coupon\";i:8;s:22:\"surecart\/cart-subtotal\";i:9;s:28:\"surecart\/cart-bump-line-item\";i:10;s:20:\"surecart\/cart-submit\";i:11;s:11:\"core\/search\";i:12;s:18:\"sbi\/sbi-feed-block\";i:13;s:17:\"core\/latest-posts\";i:14;s:21:\"uagb\/advanced-heading\";i:15;s:30:\"wordpress-popular-posts\/widget\";}s:8:\"uag_flag\";b:1;s:11:\"uag_version\";s:10:\"1775703495\";s:6:\"gfonts\";a:0:{}s:10:\"gfonts_url\";s:0:\"\";s:12:\"gfonts_files\";a:0:{}s:14:\"uag_faq_layout\";b:0;}"]},"uagb_featured_image_src":{"full":["https:\/\/rodmaps.com\/wp-content\/uploads\/2025\/04\/Preparez-votre-saison-du-brochet-2025.jpeg",800,625,false],"thumbnail":["https:\/\/rodmaps.com\/wp-content\/uploads\/2025\/04\/Preparez-votre-saison-du-brochet-2025-150x150.jpeg",150,150,true],"medium":["https:\/\/rodmaps.com\/wp-content\/uploads\/2025\/04\/Preparez-votre-saison-du-brochet-2025-300x234.jpeg",300,234,true],"medium_large":["https:\/\/rodmaps.com\/wp-content\/uploads\/2025\/04\/Preparez-votre-saison-du-brochet-2025-768x600.jpeg",768,600,true],"large":["https:\/\/rodmaps.com\/wp-content\/uploads\/2025\/04\/Preparez-votre-saison-du-brochet-2025.jpeg",800,625,false],"1536x1536":["https:\/\/rodmaps.com\/wp-content\/uploads\/2025\/04\/Preparez-votre-saison-du-brochet-2025.jpeg",800,625,false],"2048x2048":["https:\/\/rodmaps.com\/wp-content\/uploads\/2025\/04\/Preparez-votre-saison-du-brochet-2025.jpeg",800,625,false],"trp-custom-language-flag":["https:\/\/rodmaps.com\/wp-content\/uploads\/2025\/04\/Preparez-votre-saison-du-brochet-2025-15x12.jpeg",15,12,true]},"uagb_author_info":{"display_name":"Rodmaps","author_link":"https:\/\/rodmaps.com\/en\/author\/rodmaps_administrateur\/"},"uagb_comment_info":0,"uagb_excerpt":"\u00c9diteur du site RODMAPSSAS au capital de 5 000 eurosRCS de TOULOUSE 834 740 144 18, rue Dieudonn\u00e9 Costes&nbsp;31500 TOULOUSEFrance [&hellip;]","_links":{"self":[{"href":"https:\/\/rodmaps.com\/en\/wp-json\/wp\/v2\/pages\/8409","targetHints":{"allow":["GET"]}}],"collection":[{"href":"https:\/\/rodmaps.com\/en\/wp-json\/wp\/v2\/pages"}],"about":[{"href":"https:\/\/rodmaps.com\/en\/wp-json\/wp\/v2\/types\/page"}],"author":[{"embeddable":true,"href":"https:\/\/rodmaps.com\/en\/wp-json\/wp\/v2\/users\/2"}],"replies":[{"embeddable":true,"href":"https:\/\/rodmaps.com\/en\/wp-json\/wp\/v2\/comments?post=8409"}],"version-history":[{"count":4,"href":"https:\/\/rodmaps.com\/en\/wp-json\/wp\/v2\/pages\/8409\/revisions"}],"predecessor-version":[{"id":8416,"href":"https:\/\/rodmaps.com\/en\/wp-json\/wp\/v2\/pages\/8409\/revisions\/8416"}],"wp:featuredmedia":[{"embeddable":true,"href":"https:\/\/rodmaps.com\/en\/wp-json\/wp\/v2\/media\/8396"}],"wp:attachment":[{"href":"https:\/\/rodmaps.com\/en\/wp-json\/wp\/v2\/media?parent=8409"}],"curies":[{"name":"wp","href":"https:\/\/api.w.org\/{rel}","templated":true}]}}