{"id":8,"date":"2018-06-30T10:21:33","date_gmt":"2018-06-30T08:21:33","guid":{"rendered":"https:\/\/rodmaps.com\/?page_id=8"},"modified":"2025-05-12T13:00:10","modified_gmt":"2025-05-12T11:00:10","slug":"acerca-de-rodmaps","status":"publish","type":"page","link":"https:\/\/rodmaps.com\/es\/acerca-de-rodmaps\/","title":{"rendered":"Acerca de Rodmaps"},"content":{"rendered":"<div class=\"column-wrapper cf\">\n<div class=\"column-content pr cf pr-0 pr-320 pr-365\">\n<div>\n<div id=\"wnd_ImageBlock_500518\" class=\"image image-default block design-01 wnd-orientation-landscape wnd-type-image\">\n<h2>Rodmaps, la primera plataforma de reservas de ofertas tur\u00edsticas relacionadas con la pesca en toda Francia<\/h2>\n<figure><img loading=\"lazy\" decoding=\"async\" class=\"size-full wp-image-98 alignleft\" src=\"https:\/\/rodmaps.com\/wp-content\/uploads\/2018\/07\/Re\u0301servation-Rodmaps.jpg\" alt=\"Reserva-Rodmaps\" width=\"450\" height=\"260\" srcset=\"https:\/\/rodmaps.com\/wp-content\/uploads\/2018\/07\/Re\u0301servation-Rodmaps.jpg 450w, https:\/\/rodmaps.com\/wp-content\/uploads\/2018\/07\/Re\u0301servation-Rodmaps-300x173.jpg 300w\" sizes=\"auto, (max-width: 450px) 100vw, 450px\" \/><\/figure><div class=\"image-content cf\"><\/div>\n<div class=\"image-title\">Rodmaps es una plataforma que pone en contacto a los principales actores del turismo de pesca con cualquier persona interesada en este tipo de experiencia.<\/div>\n<\/div>\n<\/div>\n<\/div>\n<div class=\"column-content pr cf pr-0 pr-320 pr-365 pr-480\">\n<div class=\"text cf design-01\">\n<div class=\"text-content\">\n<p id=\"wnd_TextBlock_816168_inner_1\" data-wnd_is_separable=\"1\" data-wnd_separable_index=\"1\" data-wnd_separable_id=\"wnd_TextBlock_816168\">A partir de ahora, los aficionados, pescadores ocasionales y amateurs podr\u00e1n encontrar f\u00e1cilmente lugares de pesca, alojamientos y profesionales acompa\u00f1antes, en funci\u00f3n de su nivel, disponibilidad, pr\u00e1cticas de pesca deseadas y medios econ\u00f3micos, en toda Francia continental.<\/p>\n<\/div>\n<\/div>\n<\/div>\n<\/div>\n\n\n\n<div class=\"hr-line block design-01\"><hr><\/div>\n\n\n\n<div class=\"column-wrapper cf\">\n<div class=\"column-content pr cf pr-0 pr-320 pr-365 pr-480 pr-600\">\n<div class=\"text cf design-01\">\n<div class=\"text-content\">\n<h2><b>Rodmaps es ante todo la historia de Nicolas y Matthieu, dos amigos apasionados por la pesca.<\/b><\/h2>\n<\/div>\n<\/div>\n<\/div>\n<div class=\"column-content pr cf pr-0 pr-320 pr-365\">\n<div id=\"wnd_ImageBlock_68764\" class=\"image image-default block design-01 wnd-orientation-square wnd-type-image\">\n<figure><img loading=\"lazy\" decoding=\"async\" class=\"size-full wp-image-99 alignright\" src=\"https:\/\/rodmaps.com\/wp-content\/uploads\/2018\/07\/Equipe-Rodmaps.jpg\" alt=\"Equipo-Rodmaps\" width=\"450\" height=\"450\" srcset=\"https:\/\/rodmaps.com\/wp-content\/uploads\/2018\/07\/Equipe-Rodmaps.jpg 450w, https:\/\/rodmaps.com\/wp-content\/uploads\/2018\/07\/Equipe-Rodmaps-150x150.jpg 150w, https:\/\/rodmaps.com\/wp-content\/uploads\/2018\/07\/Equipe-Rodmaps-300x300.jpg 300w\" sizes=\"auto, (max-width: 450px) 100vw, 450px\" \/><\/figure><div class=\"image-content cf\"><\/div>\n<div class=\"image-title\">Desde que \u00e9ramos ni\u00f1os, nuestra pasi\u00f3n nos ha llevado a viajar por toda Francia y por todo el mundo en busca de aventuras y peces trofeo. La idea de este proyecto surgi\u00f3 de una simple constataci\u00f3n: la imposibilidad para los pescadores, principiantes o expertos, de encontrar informaci\u00f3n exhaustiva e inmediata sobre las ofertas tur\u00edsticas dedicadas a la pesca en Francia. La falta de sitios de referencia, la falta de transparencia a la hora de comparar ofertas y la escasez de opiniones de clientes hac\u00edan la tarea casi imposible. Por otra parte, nos dimos cuenta de que los miles de agentes que intervienen en el sector del turismo de pesca tienen actualmente dificultades para aparecer en Internet y comunicar sus ofertas, a menudo por falta de tiempo y de medios t\u00e9cnicos o financieros.<\/div>\n<\/div>\n<\/div>\n<\/div>\n\n\n\n<div class=\"text cf design-01\">\n<div class=\"text-content\">\n<div class=\"hr-line block design-01\"><hr><\/div>\n<div class=\"column-wrapper cf\">\n<div class=\"column-content pr cf pr-0 pr-320 pr-365 pr-480 pr-600\">\n<div class=\"text cf design-01\">\n<div class=\"text-content\">\n<h2><b>Nuestro objetivo es promover la pesca en Francia<\/b><\/h2>\n<p>Para nosotros, el&nbsp;<strong>pesca<\/strong>&nbsp;es una buena manera de<strong>escapar<\/strong>&nbsp;y&nbsp;<strong>descubrimiento<\/strong>&nbsp;de nuestra&nbsp;<strong>patrimonio cultural<\/strong>,&nbsp;<strong>natural<\/strong>&nbsp;y&nbsp;<strong>pesca<\/strong>. La pesca no es s\u00f3lo un placer individual, es una forma de vida.&nbsp;<strong>una pasi\u00f3n<\/strong>,&nbsp;<strong>un hobby<\/strong>,&nbsp;<strong>un deporte<\/strong>&nbsp;que hay que compartir. Para nosotros, compartir es EL valor fundamental que hace grande a un pescador. Tambi\u00e9n es la raz\u00f3n esencial por la que quisimos crear Rodmaps.<\/p>\n<p>A trav\u00e9s de Rodmaps y nuestro <a href=\"https:\/\/rodmaps.com\/es\/\">blog<\/a> nos gustar\u00eda&nbsp;<strong>promover el mundo de la pesca<\/strong>&nbsp;al mayor n\u00famero posible de personas y, a trav\u00e9s de nuestros socios, transmitir los valores que apreciamos, como la protecci\u00f3n de los recursos pesqueros, el respeto de la flora y la fauna y el respeto de todos los recursos naturales.<\/p>\n<\/div>\n<\/div>\n<\/div>\n<\/div>\n<\/div>\n<\/div>","protected":false},"excerpt":{"rendered":"<p>Rodmaps, la premi\u00e8re plateforme de r\u00e9servation d&rsquo;offres touristiques d\u00e9di\u00e9es \u00e0 la p\u00eache, partout en France Rodmaps est une plateforme permettant [&hellip;]<\/p>","protected":false},"author":1,"featured_media":0,"parent":0,"menu_order":0,"comment_status":"closed","ping_status":"closed","template":"","meta":{"_uag_custom_page_level_css":"","site-sidebar-layout":"default","site-content-layout":"","ast-site-content-layout":"","site-content-style":"default","site-sidebar-style":"default","ast-global-header-display":"","ast-banner-title-visibility":"","ast-main-header-display":"","ast-hfb-above-header-display":"","ast-hfb-below-header-display":"","ast-hfb-mobile-header-display":"","site-post-title":"","ast-breadcrumbs-content":"","ast-featured-img":"","footer-sml-layout":"","theme-transparent-header-meta":"","adv-header-id-meta":"","stick-header-meta":"","header-above-stick-meta":"","header-main-stick-meta":"","header-below-stick-meta":"","astra-migrate-meta-layouts":"default","ast-page-background-enabled":"default","ast-page-background-meta":{"desktop":{"background-color":"var(--ast-global-color-4)","background-image":"","background-repeat":"repeat","background-position":"center center","background-size":"auto","background-attachment":"scroll","background-type":"","background-media":"","overlay-type":"","overlay-color":"","overlay-opacity":"","overlay-gradient":""},"tablet":{"background-color":"","background-image":"","background-repeat":"repeat","background-position":"center center","background-size":"auto","background-attachment":"scroll","background-type":"","background-media":"","overlay-type":"","overlay-color":"","overlay-opacity":"","overlay-gradient":""},"mobile":{"background-color":"","background-image":"","background-repeat":"repeat","background-position":"center center","background-size":"auto","background-attachment":"scroll","background-type":"","background-media":"","overlay-type":"","overlay-color":"","overlay-opacity":"","overlay-gradient":""}},"ast-content-background-meta":{"desktop":{"background-color":"var(--ast-global-color-5)","background-image":"","background-repeat":"repeat","background-position":"center center","background-size":"auto","background-attachment":"scroll","background-type":"","background-media":"","overlay-type":"","overlay-color":"","overlay-opacity":"","overlay-gradient":""},"tablet":{"background-color":"var(--ast-global-color-5)","background-image":"","background-repeat":"repeat","background-position":"center center","background-size":"auto","background-attachment":"scroll","background-type":"","background-media":"","overlay-type":"","overlay-color":"","overlay-opacity":"","overlay-gradient":""},"mobile":{"background-color":"var(--ast-global-color-5)","background-image":"","background-repeat":"repeat","background-position":"center center","background-size":"auto","background-attachment":"scroll","background-type":"","background-media":"","overlay-type":"","overlay-color":"","overlay-opacity":"","overlay-gradient":""}},"footnotes":""},"class_list":["post-8","page","type-page","status-publish","hentry"],"yoast_head":"<!-- This site is optimized with the Yoast SEO plugin v26.3 - https:\/\/yoast.com\/wordpress\/plugins\/seo\/ -->\n<title>\u00c0 propos de Rodmaps - D\u00e9couvrez notre concept et notre histoire<\/title>\n<meta name=\"description\" content=\"Rodmaps est une plateforme permettant de mettre en relation guide de p\u00eache et h\u00e9bergement de p\u00eache\u00a0avec toute personne int\u00e9ress\u00e9e par ce sport en France.\" \/>\n<meta name=\"robots\" content=\"index, follow, max-snippet:-1, max-image-preview:large, max-video-preview:-1\" \/>\n<link rel=\"canonical\" href=\"https:\/\/rodmaps.com\/es\/acerca-de-rodmaps\/\" \/>\n<meta property=\"og:locale\" content=\"es_ES\" \/>\n<meta property=\"og:type\" content=\"article\" \/>\n<meta property=\"og:title\" content=\"\u00c0 propos de Rodmaps - D\u00e9couvrez notre concept et notre histoire\" \/>\n<meta property=\"og:description\" content=\"Rodmaps est une plateforme permettant de mettre en relation guide de p\u00eache et h\u00e9bergement de p\u00eache\u00a0avec toute personne int\u00e9ress\u00e9e par ce sport en France.\" \/>\n<meta property=\"og:url\" content=\"https:\/\/rodmaps.com\/es\/acerca-de-rodmaps\/\" \/>\n<meta property=\"og:site_name\" content=\"Rodmaps\" \/>\n<meta property=\"article:modified_time\" content=\"2025-05-12T11:00:10+00:00\" \/>\n<meta property=\"og:image\" content=\"https:\/\/rodmaps.com\/wp-content\/uploads\/2018\/07\/Equipe-Rodmaps.jpg\" \/>\n<meta name=\"twitter:card\" content=\"summary_large_image\" \/>\n<meta name=\"twitter:label1\" content=\"Tiempo de lectura\" \/>\n\t<meta name=\"twitter:data1\" content=\"3 minutos\" \/>\n<!-- \/ Yoast SEO plugin. -->","yoast_head_json":{"title":"Acerca de Rodmaps - Descubra nuestro concepto y nuestra historia","description":"Rodmaps es una plataforma que pone en contacto a gu\u00edas de pesca y alojamientos de pesca con cualquier persona interesada en este deporte en Francia.","robots":{"index":"index","follow":"follow","max-snippet":"max-snippet:-1","max-image-preview":"max-image-preview:large","max-video-preview":"max-video-preview:-1"},"canonical":"https:\/\/rodmaps.com\/es\/acerca-de-rodmaps\/","og_locale":"es_ES","og_type":"article","og_title":"\u00c0 propos de Rodmaps - D\u00e9couvrez notre concept et notre histoire","og_description":"Rodmaps est une plateforme permettant de mettre en relation guide de p\u00eache et h\u00e9bergement de p\u00eache\u00a0avec toute personne int\u00e9ress\u00e9e par ce sport en France.","og_url":"https:\/\/rodmaps.com\/es\/acerca-de-rodmaps\/","og_site_name":"Rodmaps","article_modified_time":"2025-05-12T11:00:10+00:00","og_image":[{"url":"https:\/\/rodmaps.com\/wp-content\/uploads\/2018\/07\/Equipe-Rodmaps.jpg","type":"","width":"","height":""}],"twitter_card":"summary_large_image","twitter_misc":{"Tiempo de lectura":"3 minutos"},"schema":{"@context":"https:\/\/schema.org","@graph":[{"@type":"WebPage","@id":"https:\/\/rodmaps.com\/a-propos-de-rodmaps\/","url":"https:\/\/rodmaps.com\/a-propos-de-rodmaps\/","name":"Acerca de Rodmaps - Descubra nuestro concepto y nuestra historia","isPartOf":{"@id":"https:\/\/rodmaps.com\/#website"},"primaryImageOfPage":{"@id":"https:\/\/rodmaps.com\/a-propos-de-rodmaps\/#primaryimage"},"image":{"@id":"https:\/\/rodmaps.com\/a-propos-de-rodmaps\/#primaryimage"},"thumbnailUrl":"https:\/\/rodmaps.com\/wp-content\/uploads\/2018\/07\/Equipe-Rodmaps.jpg","datePublished":"2018-06-30T08:21:33+00:00","dateModified":"2025-05-12T11:00:10+00:00","description":"Rodmaps es una plataforma que pone en contacto a gu\u00edas de pesca y alojamientos de pesca con cualquier persona interesada en este deporte en Francia.","breadcrumb":{"@id":"https:\/\/rodmaps.com\/a-propos-de-rodmaps\/#breadcrumb"},"inLanguage":"es","potentialAction":[{"@type":"ReadAction","target":["https:\/\/rodmaps.com\/a-propos-de-rodmaps\/"]}]},{"@type":"ImageObject","inLanguage":"es","@id":"https:\/\/rodmaps.com\/a-propos-de-rodmaps\/#primaryimage","url":"https:\/\/rodmaps.com\/wp-content\/uploads\/2018\/07\/Equipe-Rodmaps.jpg","contentUrl":"https:\/\/rodmaps.com\/wp-content\/uploads\/2018\/07\/Equipe-Rodmaps.jpg"},{"@type":"BreadcrumbList","@id":"https:\/\/rodmaps.com\/a-propos-de-rodmaps\/#breadcrumb","itemListElement":[{"@type":"ListItem","position":1,"name":"Accueil","item":"https:\/\/rodmaps.com\/"},{"@type":"ListItem","position":2,"name":"\u00c0 propos de Rodmaps"}]},{"@type":"WebSite","@id":"https:\/\/rodmaps.com\/#website","url":"https:\/\/rodmaps.com\/","name":"Rodmaps","description":"Descubra toda la actualidad de la pesca con se\u00f1uelos: aparejos, t\u00e9cnicas, nudos de pesca, consejos y normativa.","publisher":{"@id":"https:\/\/rodmaps.com\/#organization"},"potentialAction":[{"@type":"SearchAction","target":{"@type":"EntryPoint","urlTemplate":"https:\/\/rodmaps.com\/?s={search_term_string}"},"query-input":{"@type":"PropertyValueSpecification","valueRequired":true,"valueName":"search_term_string"}}],"inLanguage":"es"},{"@type":"Organization","@id":"https:\/\/rodmaps.com\/#organization","name":"Rodmaps","url":"https:\/\/rodmaps.com\/","logo":{"@type":"ImageObject","inLanguage":"es","@id":"https:\/\/rodmaps.com\/#\/schema\/logo\/image\/","url":"https:\/\/rodmaps.com\/wp-content\/uploads\/2018\/07\/cropped-cropped-logo-rm-big-e1531314491932-3.png","contentUrl":"https:\/\/rodmaps.com\/wp-content\/uploads\/2018\/07\/cropped-cropped-logo-rm-big-e1531314491932-3.png","width":200,"height":79,"caption":"Rodmaps"},"image":{"@id":"https:\/\/rodmaps.com\/#\/schema\/logo\/image\/"}}]}},"spectra_custom_meta":{"_customize_changeset_uuid":["e20bd49e-8a3f-4747-a666-0c62a39d3b28"],"ampforwp-amp-on-off":["default"],"_edit_lock":["1747047734:2"],"_edit_last":["2"],"_yoast_wpseo_content_score":["90"],"ampforwp_custom_content_editor":[""],"ampforwp_custom_content_editor_checkbox":[""],"_yoast_wpseo_focuskw_text_input":["Rodmaps"],"_yoast_wpseo_focuskw":["Rodmaps"],"_yoast_wpseo_title":["%%title%% %%page%% %%sep%% D\u00e9couvrez notre concept et notre histoire"],"_yoast_wpseo_metadesc":["Rodmaps est une plateforme permettant de mettre en relation guide de p\u00eache et h\u00e9bergement de p\u00eache\u00a0avec toute personne int\u00e9ress\u00e9e par ce sport en France."],"_yoast_wpseo_linkdex":["76"],"_jetpack_related_posts_cache":["a:1:{s:32:\"bfc62710165ed7b51223b165689d40a3\";a:2:{s:7:\"expires\";i:1727779801;s:7:\"payload\";a:1:{i:0;a:1:{s:2:\"id\";i:9;}}}}"],"_yoast_wpseo_estimated-reading-time-minutes":["3"],"_uag_page_assets":["a:9:{s:3:\"css\";s:2491:\".uag-blocks-common-selector{z-index:var(--z-index-desktop) !important}@media (max-width: 976px){.uag-blocks-common-selector{z-index:var(--z-index-tablet) !important}}@media (max-width: 767px){.uag-blocks-common-selector{z-index:var(--z-index-mobile) !important}}\n.wp-block-uagb-advanced-heading h1,.wp-block-uagb-advanced-heading h2,.wp-block-uagb-advanced-heading h3,.wp-block-uagb-advanced-heading h4,.wp-block-uagb-advanced-heading h5,.wp-block-uagb-advanced-heading h6,.wp-block-uagb-advanced-heading p,.wp-block-uagb-advanced-heading div{word-break:break-word}.wp-block-uagb-advanced-heading .uagb-heading-text{margin:0}.wp-block-uagb-advanced-heading .uagb-desc-text{margin:0}.wp-block-uagb-advanced-heading .uagb-separator{font-size:0;border-top-style:solid;display:inline-block;margin:0 0 10px 0}.wp-block-uagb-advanced-heading .uagb-highlight{color:#f78a0c;border:0;transition:all 0.3s ease}.uag-highlight-toolbar{border-left:0;border-top:0;border-bottom:0;border-radius:0;border-right-color:#1e1e1e}.uag-highlight-toolbar .components-button{border-radius:0;outline:none}.uag-highlight-toolbar .components-button.is-primary{color:#fff}\n.wp-block-uagb-advanced-heading.uagb-block-e53cacd5.wp-block-uagb-advanced-heading .uagb-desc-text{margin-bottom: 15px;}.wp-block-uagb-advanced-heading.uagb-block-e53cacd5.wp-block-uagb-advanced-heading .uagb-highlight{font-style: normal;font-weight: Default;background: #007cba;color: #fff;-webkit-text-fill-color: #fff;}.wp-block-uagb-advanced-heading.uagb-block-e53cacd5.wp-block-uagb-advanced-heading .uagb-highlight::-moz-selection{color: #fff;background: #007cba;-webkit-text-fill-color: #fff;}.wp-block-uagb-advanced-heading.uagb-block-e53cacd5.wp-block-uagb-advanced-heading .uagb-highlight::selection{color: #fff;background: #007cba;-webkit-text-fill-color: #fff;}.wp-block-uagb-advanced-heading.uagb-block-b0e5da39.wp-block-uagb-advanced-heading .uagb-desc-text{margin-bottom: 15px;}.wp-block-uagb-advanced-heading.uagb-block-b0e5da39.wp-block-uagb-advanced-heading .uagb-highlight{font-style: normal;font-weight: Default;background: #007cba;color: #fff;-webkit-text-fill-color: #fff;}.wp-block-uagb-advanced-heading.uagb-block-b0e5da39.wp-block-uagb-advanced-heading .uagb-highlight::-moz-selection{color: #fff;background: #007cba;-webkit-text-fill-color: #fff;}.wp-block-uagb-advanced-heading.uagb-block-b0e5da39.wp-block-uagb-advanced-heading .uagb-highlight::selection{color: #fff;background: #007cba;-webkit-text-fill-color: #fff;}\";s:2:\"js\";s:0:\"\";s:18:\"current_block_list\";a:14:{i:0;s:9:\"core\/html\";i:1;s:13:\"surecart\/cart\";i:2;s:20:\"surecart\/cart-header\";i:3;s:19:\"surecart\/cart-items\";i:4;s:20:\"surecart\/cart-coupon\";i:5;s:22:\"surecart\/cart-subtotal\";i:6;s:28:\"surecart\/cart-bump-line-item\";i:7;s:20:\"surecart\/cart-submit\";i:8;s:11:\"core\/search\";i:9;s:18:\"sbi\/sbi-feed-block\";i:10;s:17:\"core\/latest-posts\";i:11;s:21:\"uagb\/advanced-heading\";i:12;s:14:\"core\/paragraph\";i:13;s:30:\"wordpress-popular-posts\/widget\";}s:8:\"uag_flag\";b:1;s:11:\"uag_version\";s:10:\"1776043687\";s:6:\"gfonts\";a:0:{}s:10:\"gfonts_url\";s:0:\"\";s:12:\"gfonts_files\";a:0:{}s:14:\"uag_faq_layout\";b:0;}"]},"uagb_featured_image_src":{"full":false,"thumbnail":false,"medium":false,"medium_large":false,"large":false,"1536x1536":false,"2048x2048":false,"trp-custom-language-flag":false},"uagb_author_info":{"display_name":"Rodmaps","author_link":"https:\/\/rodmaps.com\/es\/author\/rodmaps\/"},"uagb_comment_info":0,"uagb_excerpt":"Rodmaps, la premi\u00e8re plateforme de r\u00e9servation d&rsquo;offres touristiques d\u00e9di\u00e9es \u00e0 la p\u00eache, partout en France Rodmaps est une plateforme permettant [&hellip;]","_links":{"self":[{"href":"https:\/\/rodmaps.com\/es\/wp-json\/wp\/v2\/pages\/8","targetHints":{"allow":["GET"]}}],"collection":[{"href":"https:\/\/rodmaps.com\/es\/wp-json\/wp\/v2\/pages"}],"about":[{"href":"https:\/\/rodmaps.com\/es\/wp-json\/wp\/v2\/types\/page"}],"author":[{"embeddable":true,"href":"https:\/\/rodmaps.com\/es\/wp-json\/wp\/v2\/users\/1"}],"replies":[{"embeddable":true,"href":"https:\/\/rodmaps.com\/es\/wp-json\/wp\/v2\/comments?post=8"}],"version-history":[{"count":9,"href":"https:\/\/rodmaps.com\/es\/wp-json\/wp\/v2\/pages\/8\/revisions"}],"predecessor-version":[{"id":8549,"href":"https:\/\/rodmaps.com\/es\/wp-json\/wp\/v2\/pages\/8\/revisions\/8549"}],"wp:attachment":[{"href":"https:\/\/rodmaps.com\/es\/wp-json\/wp\/v2\/media?parent=8"}],"curies":[{"name":"wp","href":"https:\/\/api.w.org\/{rel}","templated":true}]}}