{"id":8409,"date":"2025-04-22T21:22:08","date_gmt":"2025-04-22T19:22:08","guid":{"rendered":"https:\/\/rodmaps.com\/?page_id=8409"},"modified":"2025-04-22T21:30:41","modified_gmt":"2025-04-22T19:30:41","slug":"aviso-legal","status":"publish","type":"page","link":"https:\/\/rodmaps.com\/es\/aviso-legal\/","title":{"rendered":"Informaci\u00f3n jur\u00eddica"},"content":{"rendered":"<h3 class=\"wp-block-heading\"><strong><strong>\u00c9<\/strong>editor del sitio<\/strong><\/h3>\n\n\n\n<p>RODMAPS<br>SAS con capital de 5.000 euros<br>RCS de TOULOUSE 834 740 144<\/p>\n\n\n\n<p>18, rue Dieudonn\u00e9 Costes&nbsp;<br>31500 TOULOUSE<br>Francia<\/p>\n\n\n\n<p>Correo electr\u00f3nico: matthieu@rodmaps.com \/ nicolas@rodmaps.com<br>URL: www.rodmaps.com<\/p>\n\n\n\n<h3 class=\"wp-block-heading\"><strong>H<strong>anfitri\u00f3n del sitio<\/strong><\/strong><\/h3>\n\n\n\n<p>El sitio est\u00e1 alojado en Hostinger International Ltd, empresa especializada en alojamiento web.<br>Calle Lordou Vironos, 61<br>6023 Larnaca, Chipre<\/p>\n\n\n\n<p>P\u00e1gina web :&nbsp;<a href=\"http:\/\/www.hostinger.fr\/\" target=\"_blank\" rel=\"noreferrer noopener\">www.hostinger.fr<\/a><\/p>\n\n\n\n<p>Hostinger aplica medidas de seguridad est\u00e1ndar en el sector para proteger los servidores y los datos, como :<\/p>\n\n\n\n<ul class=\"wp-block-list\">\n<li>Certificaci\u00f3n ISO\/IEC 27001:2017<\/li>\n\n\n\n<li>Supervisi\u00f3n de servidores 24\/7<\/li>\n\n\n\n<li>Protecci\u00f3n cortafuegos<\/li>\n\n\n\n<li>Cifrado de bases de datos<\/li>\n\n\n\n<li>Copias de seguridad peri\u00f3dicas<\/li>\n<\/ul>\n\n\n\n<h3 class=\"wp-block-heading\"><strong>Persona responsable de la publicaci\u00f3n<\/strong><\/h3>\n\n\n\n<p>Matthieu SANOGHO<\/p>\n\n\n\n<h3 class=\"wp-block-heading\"><strong>Ley de protecci\u00f3n de datos<\/strong><\/h3>\n\n\n\n<p>De conformidad con la Ley francesa de Inform\u00e1tica y Libertades de 6 de enero de 1978, usted dispone de un derecho de oposici\u00f3n, acceso y rectificaci\u00f3n de los datos que le conciernen, en aplicaci\u00f3n de la Ley n\u00ba 78-17 de 6 de enero de 1978 relativa a la inform\u00e1tica, los archivos y las libertades, modificada por la Ley n\u00ba 2004-801 de 6 de agosto de 2004. Estos datos podr\u00e1n ser comunicados a terceros y usted podr\u00e1 recibir o no ofertas comerciales. Si no desea recibir dichas ofertas, basta con que escriba al editor del sitio indicando su apellido, nombre, direcci\u00f3n y correo electr\u00f3nico para que se tomen las medidas necesarias lo antes posible.<br>El sitio ha sido declarado a la CNIL - con fecha de 10 de octubre de 2017 - recibo de declaraci\u00f3n n\u00fam. 2023805 v 0.<\/p>\n\n\n\n<h3 class=\"wp-block-heading\"><strong>Copyright<\/strong><\/h3>\n\n\n\n<p>Los datos, incluido su contenido, los documentos descargables, las representaciones iconogr\u00e1ficas y fotogr\u00e1ficas y las marcas de este sitio est\u00e1n protegidos por derechos de propiedad intelectual. Cualquier reproducci\u00f3n o representaci\u00f3n, incluso parcial, de los elementos mencionados, para fines distintos del uso privado, en cualquier soporte, est\u00e1 prohibida y puede incurrir en responsabilidad civil y penal de la persona que no respete esta prohibici\u00f3n.<\/p>\n\n\n\n<h3 class=\"wp-block-heading\"><strong>Cookies<\/strong><\/h3>\n\n\n\n<p>Este sitio puede almacenar \"cookies\" en su ordenador. Se trata de informaci\u00f3n sobre su visita y su equipo inform\u00e1tico, que puede ser consultada por el sitio si vuelve a visitarlo m\u00e1s adelante. Esta informaci\u00f3n se registra con el \u00fanico fin de elaborar estad\u00edsticas de visitas y no da lugar a ning\u00fan tratamiento de datos personales. Puede rechazar el registro de dicha informaci\u00f3n accediendo a las opciones (o preferencias) de su navegador de Internet y desactivando las cookies.<\/p>\n\n\n\n<h3 class=\"wp-block-heading\"><strong>Producci\u00f3n y mantenimiento<\/strong><\/h3>\n\n\n\n<p>FAPROD<br>RCS Perpi\u00f1\u00e1n 499 631 505<\/p>\n\n\n\n<p>1 rue Fran\u00e7ois de la P\u00e9rouse, urbanizaci\u00f3n Tamaris<br>66250 St Laurent de la Salanque<br>Francia<\/p>\n\n\n\n<p>Correo electr\u00f3nico: contact@faprod.com<br>URL: http:\/\/www.faprod.com\/<\/p>","protected":false},"excerpt":{"rendered":"<p>\u00c9diteur du site RODMAPSSAS au capital de 5 000 eurosRCS de TOULOUSE 834 740 144 18, rue Dieudonn\u00e9 Costes&nbsp;31500 TOULOUSEFrance [&hellip;]<\/p>","protected":false},"author":2,"featured_media":8396,"parent":0,"menu_order":0,"comment_status":"closed","ping_status":"closed","template":"","meta":{"_uag_custom_page_level_css":"","site-sidebar-layout":"default","site-content-layout":"","ast-site-content-layout":"","site-content-style":"default","site-sidebar-style":"default","ast-global-header-display":"","ast-banner-title-visibility":"","ast-main-header-display":"","ast-hfb-above-header-display":"","ast-hfb-below-header-display":"","ast-hfb-mobile-header-display":"","site-post-title":"","ast-breadcrumbs-content":"","ast-featured-img":"","footer-sml-layout":"","theme-transparent-header-meta":"","adv-header-id-meta":"","stick-header-meta":"","header-above-stick-meta":"","header-main-stick-meta":"","header-below-stick-meta":"","astra-migrate-meta-layouts":"default","ast-page-background-enabled":"default","ast-page-background-meta":{"desktop":{"background-color":"var(--ast-global-color-4)","background-image":"","background-repeat":"repeat","background-position":"center center","background-size":"auto","background-attachment":"scroll","background-type":"","background-media":"","overlay-type":"","overlay-color":"","overlay-opacity":"","overlay-gradient":""},"tablet":{"background-color":"","background-image":"","background-repeat":"repeat","background-position":"center center","background-size":"auto","background-attachment":"scroll","background-type":"","background-media":"","overlay-type":"","overlay-color":"","overlay-opacity":"","overlay-gradient":""},"mobile":{"background-color":"","background-image":"","background-repeat":"repeat","background-position":"center center","background-size":"auto","background-attachment":"scroll","background-type":"","background-media":"","overlay-type":"","overlay-color":"","overlay-opacity":"","overlay-gradient":""}},"ast-content-background-meta":{"desktop":{"background-color":"var(--ast-global-color-5)","background-image":"","background-repeat":"repeat","background-position":"center center","background-size":"auto","background-attachment":"scroll","background-type":"","background-media":"","overlay-type":"","overlay-color":"","overlay-opacity":"","overlay-gradient":""},"tablet":{"background-color":"var(--ast-global-color-5)","background-image":"","background-repeat":"repeat","background-position":"center center","background-size":"auto","background-attachment":"scroll","background-type":"","background-media":"","overlay-type":"","overlay-color":"","overlay-opacity":"","overlay-gradient":""},"mobile":{"background-color":"var(--ast-global-color-5)","background-image":"","background-repeat":"repeat","background-position":"center center","background-size":"auto","background-attachment":"scroll","background-type":"","background-media":"","overlay-type":"","overlay-color":"","overlay-opacity":"","overlay-gradient":""}},"footnotes":""},"class_list":["post-8409","page","type-page","status-publish","has-post-thumbnail","hentry"],"yoast_head":"<!-- This site is optimized with the Yoast SEO plugin v26.3 - https:\/\/yoast.com\/wordpress\/plugins\/seo\/ -->\n<title>Mentions l\u00e9gales - Rodmaps<\/title>\n<meta name=\"robots\" content=\"index, follow, max-snippet:-1, max-image-preview:large, max-video-preview:-1\" \/>\n<link rel=\"canonical\" href=\"https:\/\/rodmaps.com\/es\/aviso-legal\/\" \/>\n<meta property=\"og:locale\" content=\"es_ES\" \/>\n<meta property=\"og:type\" content=\"article\" \/>\n<meta property=\"og:title\" content=\"Mentions l\u00e9gales - Rodmaps\" \/>\n<meta property=\"og:description\" content=\"\u00c9diteur du site RODMAPSSAS au capital de 5 000 eurosRCS de TOULOUSE 834 740 144 18, rue Dieudonn\u00e9 Costes&nbsp;31500 TOULOUSEFrance [&hellip;]\" \/>\n<meta property=\"og:url\" content=\"https:\/\/rodmaps.com\/es\/aviso-legal\/\" \/>\n<meta property=\"og:site_name\" content=\"Rodmaps\" \/>\n<meta property=\"article:modified_time\" content=\"2025-04-22T19:30:41+00:00\" \/>\n<meta property=\"og:image\" content=\"https:\/\/rodmaps.com\/wp-content\/uploads\/2025\/04\/Preparez-votre-saison-du-brochet-2025.jpeg\" \/>\n\t<meta property=\"og:image:width\" content=\"800\" \/>\n\t<meta property=\"og:image:height\" content=\"625\" \/>\n\t<meta property=\"og:image:type\" content=\"image\/jpeg\" \/>\n<meta name=\"twitter:card\" content=\"summary_large_image\" \/>\n<meta name=\"twitter:label1\" content=\"Tiempo de lectura\" \/>\n\t<meta name=\"twitter:data1\" content=\"3 minutos\" \/>\n<!-- \/ Yoast SEO plugin. -->","yoast_head_json":{"title":"Informaci\u00f3n jur\u00eddica - Rodmaps","robots":{"index":"index","follow":"follow","max-snippet":"max-snippet:-1","max-image-preview":"max-image-preview:large","max-video-preview":"max-video-preview:-1"},"canonical":"https:\/\/rodmaps.com\/es\/aviso-legal\/","og_locale":"es_ES","og_type":"article","og_title":"Mentions l\u00e9gales - Rodmaps","og_description":"\u00c9diteur du site RODMAPSSAS au capital de 5 000 eurosRCS de TOULOUSE 834 740 144 18, rue Dieudonn\u00e9 Costes&nbsp;31500 TOULOUSEFrance [&hellip;]","og_url":"https:\/\/rodmaps.com\/es\/aviso-legal\/","og_site_name":"Rodmaps","article_modified_time":"2025-04-22T19:30:41+00:00","og_image":[{"width":800,"height":625,"url":"https:\/\/rodmaps.com\/wp-content\/uploads\/2025\/04\/Preparez-votre-saison-du-brochet-2025.jpeg","type":"image\/jpeg"}],"twitter_card":"summary_large_image","twitter_misc":{"Tiempo de lectura":"3 minutos"},"schema":{"@context":"https:\/\/schema.org","@graph":[{"@type":"WebPage","@id":"https:\/\/rodmaps.com\/mentions-legales\/","url":"https:\/\/rodmaps.com\/mentions-legales\/","name":"Informaci\u00f3n jur\u00eddica - Rodmaps","isPartOf":{"@id":"https:\/\/rodmaps.com\/#website"},"primaryImageOfPage":{"@id":"https:\/\/rodmaps.com\/mentions-legales\/#primaryimage"},"image":{"@id":"https:\/\/rodmaps.com\/mentions-legales\/#primaryimage"},"thumbnailUrl":"https:\/\/rodmaps.com\/wp-content\/uploads\/2025\/04\/Preparez-votre-saison-du-brochet-2025.jpeg","datePublished":"2025-04-22T19:22:08+00:00","dateModified":"2025-04-22T19:30:41+00:00","breadcrumb":{"@id":"https:\/\/rodmaps.com\/mentions-legales\/#breadcrumb"},"inLanguage":"es","potentialAction":[{"@type":"ReadAction","target":["https:\/\/rodmaps.com\/mentions-legales\/"]}]},{"@type":"ImageObject","inLanguage":"es","@id":"https:\/\/rodmaps.com\/mentions-legales\/#primaryimage","url":"https:\/\/rodmaps.com\/wp-content\/uploads\/2025\/04\/Preparez-votre-saison-du-brochet-2025.jpeg","contentUrl":"https:\/\/rodmaps.com\/wp-content\/uploads\/2025\/04\/Preparez-votre-saison-du-brochet-2025.jpeg","width":800,"height":625,"caption":"Pr\u00e9parez votre saison du brochet 2025"},{"@type":"BreadcrumbList","@id":"https:\/\/rodmaps.com\/mentions-legales\/#breadcrumb","itemListElement":[{"@type":"ListItem","position":1,"name":"Accueil","item":"https:\/\/rodmaps.com\/"},{"@type":"ListItem","position":2,"name":"Mentions l\u00e9gales"}]},{"@type":"WebSite","@id":"https:\/\/rodmaps.com\/#website","url":"https:\/\/rodmaps.com\/","name":"Rodmaps","description":"Descubra toda la actualidad de la pesca con se\u00f1uelos: aparejos, t\u00e9cnicas, nudos de pesca, consejos y normativa.","publisher":{"@id":"https:\/\/rodmaps.com\/#organization"},"potentialAction":[{"@type":"SearchAction","target":{"@type":"EntryPoint","urlTemplate":"https:\/\/rodmaps.com\/?s={search_term_string}"},"query-input":{"@type":"PropertyValueSpecification","valueRequired":true,"valueName":"search_term_string"}}],"inLanguage":"es"},{"@type":"Organization","@id":"https:\/\/rodmaps.com\/#organization","name":"Rodmaps","url":"https:\/\/rodmaps.com\/","logo":{"@type":"ImageObject","inLanguage":"es","@id":"https:\/\/rodmaps.com\/#\/schema\/logo\/image\/","url":"https:\/\/rodmaps.com\/wp-content\/uploads\/2018\/07\/cropped-cropped-logo-rm-big-e1531314491932-3.png","contentUrl":"https:\/\/rodmaps.com\/wp-content\/uploads\/2018\/07\/cropped-cropped-logo-rm-big-e1531314491932-3.png","width":200,"height":79,"caption":"Rodmaps"},"image":{"@id":"https:\/\/rodmaps.com\/#\/schema\/logo\/image\/"}}]}},"spectra_custom_meta":{"_edit_lock":["1745350241:2"],"_edit_last":["2"],"ampforwp_custom_content_editor":[""],"ampforwp_custom_content_editor_checkbox":[""],"ampforwp-amp-on-off":["default"],"_yoast_wpseo_focuskw":["Mentions l\u00e9gales"],"_yoast_wpseo_linkdex":["60"],"_yoast_wpseo_content_score":["30"],"_yoast_wpseo_estimated-reading-time-minutes":["3"],"_thumbnail_id":["8396"],"_uag_page_assets":["a:9:{s:3:\"css\";s:2491:\".uag-blocks-common-selector{z-index:var(--z-index-desktop) !important}@media (max-width: 976px){.uag-blocks-common-selector{z-index:var(--z-index-tablet) !important}}@media (max-width: 767px){.uag-blocks-common-selector{z-index:var(--z-index-mobile) !important}}\n.wp-block-uagb-advanced-heading h1,.wp-block-uagb-advanced-heading h2,.wp-block-uagb-advanced-heading h3,.wp-block-uagb-advanced-heading h4,.wp-block-uagb-advanced-heading h5,.wp-block-uagb-advanced-heading h6,.wp-block-uagb-advanced-heading p,.wp-block-uagb-advanced-heading div{word-break:break-word}.wp-block-uagb-advanced-heading .uagb-heading-text{margin:0}.wp-block-uagb-advanced-heading .uagb-desc-text{margin:0}.wp-block-uagb-advanced-heading .uagb-separator{font-size:0;border-top-style:solid;display:inline-block;margin:0 0 10px 0}.wp-block-uagb-advanced-heading .uagb-highlight{color:#f78a0c;border:0;transition:all 0.3s ease}.uag-highlight-toolbar{border-left:0;border-top:0;border-bottom:0;border-radius:0;border-right-color:#1e1e1e}.uag-highlight-toolbar .components-button{border-radius:0;outline:none}.uag-highlight-toolbar .components-button.is-primary{color:#fff}\n.wp-block-uagb-advanced-heading.uagb-block-e53cacd5.wp-block-uagb-advanced-heading .uagb-desc-text{margin-bottom: 15px;}.wp-block-uagb-advanced-heading.uagb-block-e53cacd5.wp-block-uagb-advanced-heading .uagb-highlight{font-style: normal;font-weight: Default;background: #007cba;color: #fff;-webkit-text-fill-color: #fff;}.wp-block-uagb-advanced-heading.uagb-block-e53cacd5.wp-block-uagb-advanced-heading .uagb-highlight::-moz-selection{color: #fff;background: #007cba;-webkit-text-fill-color: #fff;}.wp-block-uagb-advanced-heading.uagb-block-e53cacd5.wp-block-uagb-advanced-heading .uagb-highlight::selection{color: #fff;background: #007cba;-webkit-text-fill-color: #fff;}.wp-block-uagb-advanced-heading.uagb-block-b0e5da39.wp-block-uagb-advanced-heading .uagb-desc-text{margin-bottom: 15px;}.wp-block-uagb-advanced-heading.uagb-block-b0e5da39.wp-block-uagb-advanced-heading .uagb-highlight{font-style: normal;font-weight: Default;background: #007cba;color: #fff;-webkit-text-fill-color: #fff;}.wp-block-uagb-advanced-heading.uagb-block-b0e5da39.wp-block-uagb-advanced-heading .uagb-highlight::-moz-selection{color: #fff;background: #007cba;-webkit-text-fill-color: #fff;}.wp-block-uagb-advanced-heading.uagb-block-b0e5da39.wp-block-uagb-advanced-heading .uagb-highlight::selection{color: #fff;background: #007cba;-webkit-text-fill-color: #fff;}\";s:2:\"js\";s:0:\"\";s:18:\"current_block_list\";a:16:{i:0;s:12:\"core\/heading\";i:1;s:14:\"core\/paragraph\";i:2;s:9:\"core\/list\";i:3;s:14:\"core\/list-item\";i:4;s:13:\"surecart\/cart\";i:5;s:20:\"surecart\/cart-header\";i:6;s:19:\"surecart\/cart-items\";i:7;s:20:\"surecart\/cart-coupon\";i:8;s:22:\"surecart\/cart-subtotal\";i:9;s:28:\"surecart\/cart-bump-line-item\";i:10;s:20:\"surecart\/cart-submit\";i:11;s:11:\"core\/search\";i:12;s:18:\"sbi\/sbi-feed-block\";i:13;s:17:\"core\/latest-posts\";i:14;s:21:\"uagb\/advanced-heading\";i:15;s:30:\"wordpress-popular-posts\/widget\";}s:8:\"uag_flag\";b:1;s:11:\"uag_version\";s:10:\"1775703495\";s:6:\"gfonts\";a:0:{}s:10:\"gfonts_url\";s:0:\"\";s:12:\"gfonts_files\";a:0:{}s:14:\"uag_faq_layout\";b:0;}"]},"uagb_featured_image_src":{"full":["https:\/\/rodmaps.com\/wp-content\/uploads\/2025\/04\/Preparez-votre-saison-du-brochet-2025.jpeg",800,625,false],"thumbnail":["https:\/\/rodmaps.com\/wp-content\/uploads\/2025\/04\/Preparez-votre-saison-du-brochet-2025-150x150.jpeg",150,150,true],"medium":["https:\/\/rodmaps.com\/wp-content\/uploads\/2025\/04\/Preparez-votre-saison-du-brochet-2025-300x234.jpeg",300,234,true],"medium_large":["https:\/\/rodmaps.com\/wp-content\/uploads\/2025\/04\/Preparez-votre-saison-du-brochet-2025-768x600.jpeg",768,600,true],"large":["https:\/\/rodmaps.com\/wp-content\/uploads\/2025\/04\/Preparez-votre-saison-du-brochet-2025.jpeg",800,625,false],"1536x1536":["https:\/\/rodmaps.com\/wp-content\/uploads\/2025\/04\/Preparez-votre-saison-du-brochet-2025.jpeg",800,625,false],"2048x2048":["https:\/\/rodmaps.com\/wp-content\/uploads\/2025\/04\/Preparez-votre-saison-du-brochet-2025.jpeg",800,625,false],"trp-custom-language-flag":["https:\/\/rodmaps.com\/wp-content\/uploads\/2025\/04\/Preparez-votre-saison-du-brochet-2025-15x12.jpeg",15,12,true]},"uagb_author_info":{"display_name":"Rodmaps","author_link":"https:\/\/rodmaps.com\/es\/author\/rodmaps_administrateur\/"},"uagb_comment_info":0,"uagb_excerpt":"\u00c9diteur du site RODMAPSSAS au capital de 5 000 eurosRCS de TOULOUSE 834 740 144 18, rue Dieudonn\u00e9 Costes&nbsp;31500 TOULOUSEFrance [&hellip;]","_links":{"self":[{"href":"https:\/\/rodmaps.com\/es\/wp-json\/wp\/v2\/pages\/8409","targetHints":{"allow":["GET"]}}],"collection":[{"href":"https:\/\/rodmaps.com\/es\/wp-json\/wp\/v2\/pages"}],"about":[{"href":"https:\/\/rodmaps.com\/es\/wp-json\/wp\/v2\/types\/page"}],"author":[{"embeddable":true,"href":"https:\/\/rodmaps.com\/es\/wp-json\/wp\/v2\/users\/2"}],"replies":[{"embeddable":true,"href":"https:\/\/rodmaps.com\/es\/wp-json\/wp\/v2\/comments?post=8409"}],"version-history":[{"count":4,"href":"https:\/\/rodmaps.com\/es\/wp-json\/wp\/v2\/pages\/8409\/revisions"}],"predecessor-version":[{"id":8416,"href":"https:\/\/rodmaps.com\/es\/wp-json\/wp\/v2\/pages\/8409\/revisions\/8416"}],"wp:featuredmedia":[{"embeddable":true,"href":"https:\/\/rodmaps.com\/es\/wp-json\/wp\/v2\/media\/8396"}],"wp:attachment":[{"href":"https:\/\/rodmaps.com\/es\/wp-json\/wp\/v2\/media?parent=8409"}],"curies":[{"name":"wp","href":"https:\/\/api.w.org\/{rel}","templated":true}]}}