{"id":8417,"date":"2025-04-22T21:32:37","date_gmt":"2025-04-22T19:32:37","guid":{"rendered":"https:\/\/rodmaps.com\/?page_id=8417"},"modified":"2025-04-22T21:32:38","modified_gmt":"2025-04-22T19:32:38","slug":"politica-de-privacidad","status":"publish","type":"page","link":"https:\/\/rodmaps.com\/es\/politica-de-privacidad\/","title":{"rendered":"Pol\u00edtica de privacidad"},"content":{"rendered":"<p>Rodmaps (la \"Empresa\") se preocupa por la protecci\u00f3n de los datos personales de los Usuarios. Se compromete a garantizar un nivel muy alto de protecci\u00f3n de estos datos de conformidad con la Ley francesa de Protecci\u00f3n de Datos.<\/p>\n\n\n\n<p>Para obtener informaci\u00f3n m\u00e1s detallada sobre la normativa aplicable a la protecci\u00f3n de datos personales, el Usuario tambi\u00e9n puede consultar el sitio web de la Commission Nationale de l'Informatique et des Libert\u00e9s (CNIL), accesible en la siguiente direcci\u00f3n:&nbsp;<a href=\"https:\/\/web.archive.org\/web\/20211017222434\/http:\/\/www.cnil.fr\/\">www.cnil.fr<\/a>.<\/p>\n\n\n\n<h4 class=\"wp-block-heading\"><strong>ART\u00cdCULO 1 FINALIDAD DE LA CARTA Y ACEPTACI\u00d3N<\/strong><br>&nbsp;<\/h4>\n\n\n\n<p>Esta Pol\u00edtica de Privacidad rige la recopilaci\u00f3n y el uso de informaci\u00f3n personal en el Sitio Web de RODMAPS (el \"Sitio Web\" o la \"Plataforma\") y en relaci\u00f3n con el Servicio RODMAPS (el \"Servicio\").<\/p>\n\n\n\n<p>El Usuario reconoce y acepta que cualquier navegaci\u00f3n por el Sitio, as\u00ed como cualquier uso del Servicio, implica la previa aceptaci\u00f3n expresa de los t\u00e9rminos de la presente carta de confidencialidad.<\/p>\n\n\n\n<p>La Empresa se reserva el derecho de modificar la presente carta de confidencialidad. Por lo tanto, se invita al Usuario a comprobar peri\u00f3dicamente, en particular cada vez que utilice el Servicio, si se han introducido modificaciones en la carta de confidencialidad.<\/p>\n\n\n\n<h4 class=\"wp-block-heading\"><strong>ART\u00cdCULO 2 INFORMACI\u00d3N Y DERECHOS DEL USUARIO<\/strong><br>&nbsp;<\/h4>\n\n\n\n<p>La Empresa es responsable del tratamiento de los datos personales que recoge en el Sitio y a trav\u00e9s del Servicio.<\/p>\n\n\n\n<p>La Empresa recopila datos personales cuando los usuarios visitan el Sitio y utilizan el Servicio, y en particular :<\/p>\n\n\n\n<p>- Cuando un cliente crea una cuenta de usuario ;<br>&nbsp;<\/p>\n\n\n\n<p>- Cuando un cliente reserva una actividad ;<br>&nbsp;<\/p>\n\n\n\n<p>- Al suscribirse a un bolet\u00edn de noticias.<\/p>\n\n\n\n<p>La Empresa utiliza los datos personales recogidos de este modo de conformidad con la normativa vigente y para los siguientes fines:<\/p>\n\n\n\n<p>-Con el fin de garantizar que el uso del Sitio y del Servicio se realiza sin problemas y que el Servicio se utiliza de conformidad con las Condiciones Generales;<br>&nbsp;<\/p>\n\n\n\n<p>- Para operaciones de prospecci\u00f3n comercial realizadas por la Empresa salvo oposici\u00f3n del Usuario, o para operaciones de prospecci\u00f3n comercial realizadas por terceros si el Usuario lo ha consentido. En tal caso, el Usuario siempre podr\u00e1 modificar sus preferencias accediendo a su espacio\/cuenta;<br>&nbsp;<\/p>\n\n\n\n<p>- En caso de incumplimiento de la normativa, si una autoridad lo solicita y justifica el incumplimiento en t\u00e9rminos de la normativa vigente;<br>&nbsp;<\/p>\n\n\n\n<p>- Con fines de administraci\u00f3n interna y control de calidad.<\/p>\n\n\n\n<p>Los datos comunicados por el Usuario, en particular cuando navega por el Sitio o utiliza los formularios de inscripci\u00f3n del Sitio, son indispensables para el tratamiento de su solicitud y la utilizaci\u00f3n del Servicio, salvo si la palabra \"facultativo\" figura en el formulario en cuesti\u00f3n.<\/p>\n\n\n\n<p>Los destinatarios de estos datos son los departamentos pertinentes de la Empresa, los socios de pago de la Empresa y los socios comerciales de la Empresa.<\/p>\n\n\n\n<p>&nbsp;Adem\u00e1s, se informa a los Usuarios de que tienen derecho a acceder, consultar y rectificar sus datos personales o a oponerse por motivos leg\u00edtimos al uso de sus datos. Todos estos derechos pueden ejercerse:<\/p>\n\n\n\n<p>- Directamente a la cuenta del usuario,<br>&nbsp;<\/p>\n\n\n\n<p>- O por correo a la atenci\u00f3n de  Rodmaps SAS - 18, rue Dieudonn\u00e9 Costes, 31500 TOULOUSE.<br>&nbsp;<\/p>\n\n\n\n<p>- O por correo electr\u00f3nico a contact@rodmaps.com, acompa\u00f1ado de una copia de un documento de identidad.<\/p>\n\n\n\n<h4 class=\"wp-block-heading\"><strong>ART\u00cdCULO 3 COOKIES<\/strong><br>&nbsp;<\/h4>\n\n\n\n<p>Durante las visitas al Sitio, pueden instalarse cookies y otras tecnolog\u00edas similares (en lo sucesivo denominadas \"cookies\") en el software de navegaci\u00f3n del Usuario.&nbsp;<\/p>\n\n\n\n<p>En particular, la cookie se utiliza para recopilar informaci\u00f3n sobre los h\u00e1bitos de navegaci\u00f3n del Usuario.<\/p>\n\n\n\n<p>La finalidad principal de las cookies utilizadas por la Empresa es permitir la navegaci\u00f3n en el Sitio y el uso del Servicio.<\/p>\n\n\n\n<p>Las cookies que pueden colocarse en el terminal del Usuario cuando navega por el Sitio tienen diferentes funciones:<\/p>\n\n\n\n<p>- Cookies estrictamente necesarias, que son esenciales para utilizar el Servicio;<br>&nbsp;<\/p>\n\n\n\n<p>- Cookies de funcionalidad, destinadas principalmente a mejorar la navegaci\u00f3n en el Sitio y el uso del Servicio;<br>&nbsp;<\/p>\n\n\n\n<p>- Cookies con fines publicitarios, que permiten ofrecer al Usuario publicidad dirigida, as\u00ed como limitar el n\u00famero de veces que el Usuario ve un anuncio y ayudar a medir la eficacia de una campa\u00f1a publicitaria;<br>&nbsp;<\/p>\n\n\n\n<p>- Cookies de proveedores, que permiten a la Empresa hacer un seguimiento de las acciones realizadas en los enlaces de proveedores para gestionar su relaci\u00f3n con dichos proveedores;<br>&nbsp;<\/p>\n\n\n\n<p>- Cookies estad\u00edsticas, que permiten a la Empresa medir la audiencia de todo o parte del Sitio y, de este modo, elaborar estad\u00edsticas e identificar el volumen y el origen del tr\u00e1fico.<\/p>\n\n\n\n<p>La Empresa tambi\u00e9n instala aplicaciones de redes sociales en las p\u00e1ginas del Sitio, lo que permite a los Usuarios compartir contenidos con otras personas.<\/p>\n\n\n\n<p>Es probable que estas aplicaciones permitan a la red social identificar al Usuario aunque \u00e9ste no haya utilizado el bot\u00f3n social correspondiente si la cuenta del Usuario en la red social est\u00e1 abierta. Dado que la Empresa no tiene control sobre estas aplicaciones o servicios, se aconseja al Usuario que lea las pol\u00edticas de privacidad de estos terceros para tomar las medidas oportunas en consecuencia.<\/p>\n\n\n\n<p>El Usuario podr\u00e1 rechazar la instalaci\u00f3n y almacenamiento de cookies o configurar su navegador para que advierta de la descarga de cookies y solicite el consentimiento del Usuario en cada caso.<\/p>\n\n\n\n<p>En el sitio web de la CNIL encontrar\u00e1 (<a href=\"https:\/\/web.archive.org\/web\/20211017222434\/http:\/\/www.cnil.fr\/\">www.cnil.fr<\/a>) explicaciones pr\u00e1cticas sobre c\u00f3mo controlar la configuraci\u00f3n de privacidad de tu terminal.<\/p>\n\n\n\n<p>No obstante, se advierte al Usuario de que determinadas funciones del Sitio pueden dejar de utilizarse o funcionar de modo degradado si el Usuario se niega a instalar cookies.<\/p>\n\n\n\n<h4 class=\"wp-block-heading\"><strong>ART\u00cdCULO 4 SEGURIDAD DE LOS DATOS PERSONALES<\/strong><br>&nbsp;<\/h4>\n\n\n\n<p>La empresa ha implantado procedimientos de seguridad para ayudar a proteger la informaci\u00f3n personal almacenada en sus sistemas. Por ejemplo, la Empresa limita el acceso a la informaci\u00f3n personal a aquellos empleados que, a su juicio razonable, necesitan conocer dicha informaci\u00f3n. La empresa tambi\u00e9n emplea procedimientos para proteger la informaci\u00f3n personal de los usuarios frente a accesos no autorizados.<\/p>\n\n\n\n<p>No obstante, se llama la atenci\u00f3n de los Usuarios sobre el hecho de que, aunque la Empresa aplica medidas t\u00e9cnicas y organizativas apropiadas para protegerse contra el tratamiento no autorizado o il\u00edcito de datos personales y contra cualquier p\u00e9rdida, da\u00f1o o destrucci\u00f3n accidental de los mismos, no dispone de medios para garantizar la seguridad absoluta de los datos personales.<\/p>","protected":false},"excerpt":{"rendered":"<p>La Soci\u00e9t\u00e9 Rodmaps&nbsp;(la \u00ab&nbsp;Soci\u00e9t\u00e9&nbsp;\u00bb) est soucieuse de la protection des donn\u00e9es \u00e0 caract\u00e8re personnel des Utilisateurs. Elle s\u2019engage \u00e0 assurer [&hellip;]<\/p>","protected":false},"author":2,"featured_media":0,"parent":0,"menu_order":0,"comment_status":"closed","ping_status":"closed","template":"","meta":{"_uag_custom_page_level_css":"","site-sidebar-layout":"default","site-content-layout":"","ast-site-content-layout":"","site-content-style":"default","site-sidebar-style":"default","ast-global-header-display":"","ast-banner-title-visibility":"","ast-main-header-display":"","ast-hfb-above-header-display":"","ast-hfb-below-header-display":"","ast-hfb-mobile-header-display":"","site-post-title":"","ast-breadcrumbs-content":"","ast-featured-img":"","footer-sml-layout":"","theme-transparent-header-meta":"","adv-header-id-meta":"","stick-header-meta":"","header-above-stick-meta":"","header-main-stick-meta":"","header-below-stick-meta":"","astra-migrate-meta-layouts":"default","ast-page-background-enabled":"default","ast-page-background-meta":{"desktop":{"background-color":"var(--ast-global-color-4)","background-image":"","background-repeat":"repeat","background-position":"center center","background-size":"auto","background-attachment":"scroll","background-type":"","background-media":"","overlay-type":"","overlay-color":"","overlay-opacity":"","overlay-gradient":""},"tablet":{"background-color":"","background-image":"","background-repeat":"repeat","background-position":"center center","background-size":"auto","background-attachment":"scroll","background-type":"","background-media":"","overlay-type":"","overlay-color":"","overlay-opacity":"","overlay-gradient":""},"mobile":{"background-color":"","background-image":"","background-repeat":"repeat","background-position":"center center","background-size":"auto","background-attachment":"scroll","background-type":"","background-media":"","overlay-type":"","overlay-color":"","overlay-opacity":"","overlay-gradient":""}},"ast-content-background-meta":{"desktop":{"background-color":"var(--ast-global-color-5)","background-image":"","background-repeat":"repeat","background-position":"center center","background-size":"auto","background-attachment":"scroll","background-type":"","background-media":"","overlay-type":"","overlay-color":"","overlay-opacity":"","overlay-gradient":""},"tablet":{"background-color":"var(--ast-global-color-5)","background-image":"","background-repeat":"repeat","background-position":"center center","background-size":"auto","background-attachment":"scroll","background-type":"","background-media":"","overlay-type":"","overlay-color":"","overlay-opacity":"","overlay-gradient":""},"mobile":{"background-color":"var(--ast-global-color-5)","background-image":"","background-repeat":"repeat","background-position":"center center","background-size":"auto","background-attachment":"scroll","background-type":"","background-media":"","overlay-type":"","overlay-color":"","overlay-opacity":"","overlay-gradient":""}},"footnotes":""},"class_list":["post-8417","page","type-page","status-publish","hentry"],"yoast_head":"<!-- This site is optimized with the Yoast SEO plugin v26.3 - https:\/\/yoast.com\/wordpress\/plugins\/seo\/ -->\n<title>Politique de confidentialit\u00e9 - Rodmaps<\/title>\n<meta name=\"robots\" content=\"index, follow, max-snippet:-1, max-image-preview:large, max-video-preview:-1\" \/>\n<link rel=\"canonical\" href=\"https:\/\/rodmaps.com\/es\/politica-de-privacidad\/\" \/>\n<meta property=\"og:locale\" content=\"es_ES\" \/>\n<meta property=\"og:type\" content=\"article\" \/>\n<meta property=\"og:title\" content=\"Politique de confidentialit\u00e9 - Rodmaps\" \/>\n<meta property=\"og:description\" content=\"La Soci\u00e9t\u00e9 Rodmaps&nbsp;(la \u00ab&nbsp;Soci\u00e9t\u00e9&nbsp;\u00bb) est soucieuse de la protection des donn\u00e9es \u00e0 caract\u00e8re personnel des Utilisateurs. Elle s\u2019engage \u00e0 assurer [&hellip;]\" \/>\n<meta property=\"og:url\" content=\"https:\/\/rodmaps.com\/es\/politica-de-privacidad\/\" \/>\n<meta property=\"og:site_name\" content=\"Rodmaps\" \/>\n<meta property=\"article:modified_time\" content=\"2025-04-22T19:32:38+00:00\" \/>\n<meta name=\"twitter:card\" content=\"summary_large_image\" \/>\n<meta name=\"twitter:label1\" content=\"Tiempo de lectura\" \/>\n\t<meta name=\"twitter:data1\" content=\"6 minutos\" \/>\n<!-- \/ Yoast SEO plugin. -->","yoast_head_json":{"title":"Pol\u00edtica de privacidad - Rodmaps","robots":{"index":"index","follow":"follow","max-snippet":"max-snippet:-1","max-image-preview":"max-image-preview:large","max-video-preview":"max-video-preview:-1"},"canonical":"https:\/\/rodmaps.com\/es\/politica-de-privacidad\/","og_locale":"es_ES","og_type":"article","og_title":"Politique de confidentialit\u00e9 - Rodmaps","og_description":"La Soci\u00e9t\u00e9 Rodmaps&nbsp;(la \u00ab&nbsp;Soci\u00e9t\u00e9&nbsp;\u00bb) est soucieuse de la protection des donn\u00e9es \u00e0 caract\u00e8re personnel des Utilisateurs. Elle s\u2019engage \u00e0 assurer [&hellip;]","og_url":"https:\/\/rodmaps.com\/es\/politica-de-privacidad\/","og_site_name":"Rodmaps","article_modified_time":"2025-04-22T19:32:38+00:00","twitter_card":"summary_large_image","twitter_misc":{"Tiempo de lectura":"6 minutos"},"schema":{"@context":"https:\/\/schema.org","@graph":[{"@type":"WebPage","@id":"https:\/\/rodmaps.com\/politique-de-confidentialite\/","url":"https:\/\/rodmaps.com\/politique-de-confidentialite\/","name":"Pol\u00edtica de privacidad - Rodmaps","isPartOf":{"@id":"https:\/\/rodmaps.com\/#website"},"datePublished":"2025-04-22T19:32:37+00:00","dateModified":"2025-04-22T19:32:38+00:00","breadcrumb":{"@id":"https:\/\/rodmaps.com\/politique-de-confidentialite\/#breadcrumb"},"inLanguage":"es","potentialAction":[{"@type":"ReadAction","target":["https:\/\/rodmaps.com\/politique-de-confidentialite\/"]}]},{"@type":"BreadcrumbList","@id":"https:\/\/rodmaps.com\/politique-de-confidentialite\/#breadcrumb","itemListElement":[{"@type":"ListItem","position":1,"name":"Accueil","item":"https:\/\/rodmaps.com\/"},{"@type":"ListItem","position":2,"name":"Politique de confidentialit\u00e9"}]},{"@type":"WebSite","@id":"https:\/\/rodmaps.com\/#website","url":"https:\/\/rodmaps.com\/","name":"Rodmaps","description":"Descubra toda la actualidad de la pesca con se\u00f1uelos: aparejos, t\u00e9cnicas, nudos de pesca, consejos y normativa.","publisher":{"@id":"https:\/\/rodmaps.com\/#organization"},"potentialAction":[{"@type":"SearchAction","target":{"@type":"EntryPoint","urlTemplate":"https:\/\/rodmaps.com\/?s={search_term_string}"},"query-input":{"@type":"PropertyValueSpecification","valueRequired":true,"valueName":"search_term_string"}}],"inLanguage":"es"},{"@type":"Organization","@id":"https:\/\/rodmaps.com\/#organization","name":"Rodmaps","url":"https:\/\/rodmaps.com\/","logo":{"@type":"ImageObject","inLanguage":"es","@id":"https:\/\/rodmaps.com\/#\/schema\/logo\/image\/","url":"https:\/\/rodmaps.com\/wp-content\/uploads\/2018\/07\/cropped-cropped-logo-rm-big-e1531314491932-3.png","contentUrl":"https:\/\/rodmaps.com\/wp-content\/uploads\/2018\/07\/cropped-cropped-logo-rm-big-e1531314491932-3.png","width":200,"height":79,"caption":"Rodmaps"},"image":{"@id":"https:\/\/rodmaps.com\/#\/schema\/logo\/image\/"}}]}},"spectra_custom_meta":{"_edit_lock":["1745350359:2"],"_edit_last":["2"],"ampforwp_custom_content_editor":[""],"ampforwp_custom_content_editor_checkbox":[""],"ampforwp-amp-on-off":["default"],"_yoast_wpseo_content_score":["30"],"_yoast_wpseo_estimated-reading-time-minutes":["6"],"_uag_page_assets":["a:9:{s:3:\"css\";s:2491:\".uag-blocks-common-selector{z-index:var(--z-index-desktop) !important}@media (max-width: 976px){.uag-blocks-common-selector{z-index:var(--z-index-tablet) !important}}@media (max-width: 767px){.uag-blocks-common-selector{z-index:var(--z-index-mobile) !important}}\n.wp-block-uagb-advanced-heading h1,.wp-block-uagb-advanced-heading h2,.wp-block-uagb-advanced-heading h3,.wp-block-uagb-advanced-heading h4,.wp-block-uagb-advanced-heading h5,.wp-block-uagb-advanced-heading h6,.wp-block-uagb-advanced-heading p,.wp-block-uagb-advanced-heading div{word-break:break-word}.wp-block-uagb-advanced-heading .uagb-heading-text{margin:0}.wp-block-uagb-advanced-heading .uagb-desc-text{margin:0}.wp-block-uagb-advanced-heading .uagb-separator{font-size:0;border-top-style:solid;display:inline-block;margin:0 0 10px 0}.wp-block-uagb-advanced-heading .uagb-highlight{color:#f78a0c;border:0;transition:all 0.3s ease}.uag-highlight-toolbar{border-left:0;border-top:0;border-bottom:0;border-radius:0;border-right-color:#1e1e1e}.uag-highlight-toolbar .components-button{border-radius:0;outline:none}.uag-highlight-toolbar .components-button.is-primary{color:#fff}\n.wp-block-uagb-advanced-heading.uagb-block-e53cacd5.wp-block-uagb-advanced-heading .uagb-desc-text{margin-bottom: 15px;}.wp-block-uagb-advanced-heading.uagb-block-e53cacd5.wp-block-uagb-advanced-heading .uagb-highlight{font-style: normal;font-weight: Default;background: #007cba;color: #fff;-webkit-text-fill-color: #fff;}.wp-block-uagb-advanced-heading.uagb-block-e53cacd5.wp-block-uagb-advanced-heading .uagb-highlight::-moz-selection{color: #fff;background: #007cba;-webkit-text-fill-color: #fff;}.wp-block-uagb-advanced-heading.uagb-block-e53cacd5.wp-block-uagb-advanced-heading .uagb-highlight::selection{color: #fff;background: #007cba;-webkit-text-fill-color: #fff;}.wp-block-uagb-advanced-heading.uagb-block-b0e5da39.wp-block-uagb-advanced-heading .uagb-desc-text{margin-bottom: 15px;}.wp-block-uagb-advanced-heading.uagb-block-b0e5da39.wp-block-uagb-advanced-heading .uagb-highlight{font-style: normal;font-weight: Default;background: #007cba;color: #fff;-webkit-text-fill-color: #fff;}.wp-block-uagb-advanced-heading.uagb-block-b0e5da39.wp-block-uagb-advanced-heading .uagb-highlight::-moz-selection{color: #fff;background: #007cba;-webkit-text-fill-color: #fff;}.wp-block-uagb-advanced-heading.uagb-block-b0e5da39.wp-block-uagb-advanced-heading .uagb-highlight::selection{color: #fff;background: #007cba;-webkit-text-fill-color: #fff;}\";s:2:\"js\";s:0:\"\";s:18:\"current_block_list\";a:14:{i:0;s:14:\"core\/paragraph\";i:1;s:12:\"core\/heading\";i:2;s:13:\"surecart\/cart\";i:3;s:20:\"surecart\/cart-header\";i:4;s:19:\"surecart\/cart-items\";i:5;s:20:\"surecart\/cart-coupon\";i:6;s:22:\"surecart\/cart-subtotal\";i:7;s:28:\"surecart\/cart-bump-line-item\";i:8;s:20:\"surecart\/cart-submit\";i:9;s:11:\"core\/search\";i:10;s:18:\"sbi\/sbi-feed-block\";i:11;s:17:\"core\/latest-posts\";i:12;s:21:\"uagb\/advanced-heading\";i:13;s:30:\"wordpress-popular-posts\/widget\";}s:8:\"uag_flag\";b:1;s:11:\"uag_version\";s:10:\"1776152363\";s:6:\"gfonts\";a:0:{}s:10:\"gfonts_url\";s:0:\"\";s:12:\"gfonts_files\";a:0:{}s:14:\"uag_faq_layout\";b:0;}"],"_uag_css_file_name":["uag-css-8417.css"]},"uagb_featured_image_src":{"full":false,"thumbnail":false,"medium":false,"medium_large":false,"large":false,"1536x1536":false,"2048x2048":false,"trp-custom-language-flag":false},"uagb_author_info":{"display_name":"Rodmaps","author_link":"https:\/\/rodmaps.com\/es\/author\/rodmaps_administrateur\/"},"uagb_comment_info":0,"uagb_excerpt":"La Soci\u00e9t\u00e9 Rodmaps&nbsp;(la \u00ab&nbsp;Soci\u00e9t\u00e9&nbsp;\u00bb) est soucieuse de la protection des donn\u00e9es \u00e0 caract\u00e8re personnel des Utilisateurs. Elle s\u2019engage \u00e0 assurer [&hellip;]","_links":{"self":[{"href":"https:\/\/rodmaps.com\/es\/wp-json\/wp\/v2\/pages\/8417","targetHints":{"allow":["GET"]}}],"collection":[{"href":"https:\/\/rodmaps.com\/es\/wp-json\/wp\/v2\/pages"}],"about":[{"href":"https:\/\/rodmaps.com\/es\/wp-json\/wp\/v2\/types\/page"}],"author":[{"embeddable":true,"href":"https:\/\/rodmaps.com\/es\/wp-json\/wp\/v2\/users\/2"}],"replies":[{"embeddable":true,"href":"https:\/\/rodmaps.com\/es\/wp-json\/wp\/v2\/comments?post=8417"}],"version-history":[{"count":1,"href":"https:\/\/rodmaps.com\/es\/wp-json\/wp\/v2\/pages\/8417\/revisions"}],"predecessor-version":[{"id":8418,"href":"https:\/\/rodmaps.com\/es\/wp-json\/wp\/v2\/pages\/8417\/revisions\/8418"}],"wp:attachment":[{"href":"https:\/\/rodmaps.com\/es\/wp-json\/wp\/v2\/media?parent=8417"}],"curies":[{"name":"wp","href":"https:\/\/api.w.org\/{rel}","templated":true}]}}